{"id":1897,"date":"2024-05-20T11:09:33","date_gmt":"2024-05-20T09:09:33","guid":{"rendered":"https:\/\/bdebibe.com\/?page_id=1897"},"modified":"2024-05-20T11:09:33","modified_gmt":"2024-05-20T09:09:33","slug":"verano","status":"publish","type":"page","link":"https:\/\/bdebibe.com\/index.php\/verano\/","title":{"rendered":"Verano"},"content":{"rendered":"\n<div class=\"wp-block-stackable-columns stk-block-columns stk-block stk-ae2ecec\" data-block-id=\"ae2ecec\"><div class=\"stk-row stk-inner-blocks stk-block-content stk-content-align stk-ae2ecec-column\">\n<div class=\"wp-block-stackable-column stk-block-column stk-column stk-block stk-f296e95\" data-v=\"4\" data-block-id=\"f296e95\"><div class=\"stk-column-wrapper stk-block-column__content stk-container stk-f296e95-container stk--no-background stk--no-padding\"><div class=\"stk-block-content stk-inner-blocks stk-f296e95-inner-blocks\">\n<div class=\"wp-block-stackable-card stk-block-card stk-block stk-12fa9d8 is-style-default\" data-v=\"2\" data-block-id=\"12fa9d8\"><div class=\"stk--no-padding stk-container stk-12fa9d8-container stk-hover-parent\"><figure class=\"stk-block-card__image stk-img-wrapper stk-image--shape-stretch\"><img loading=\"lazy\" decoding=\"async\" class=\"stk-img wp-image-1403\" src=\"http:\/\/bdebibe.com\/wp-content\/uploads\/2024\/03\/20240320_104645-1.jpg\" width=\"2252\" height=\"1937\" srcset=\"https:\/\/bdebibe.com\/wp-content\/uploads\/2024\/03\/20240320_104645-1.jpg 2252w, https:\/\/bdebibe.com\/wp-content\/uploads\/2024\/03\/20240320_104645-1-300x258.jpg 300w, https:\/\/bdebibe.com\/wp-content\/uploads\/2024\/03\/20240320_104645-1-1024x881.jpg 1024w, https:\/\/bdebibe.com\/wp-content\/uploads\/2024\/03\/20240320_104645-1-768x661.jpg 768w, https:\/\/bdebibe.com\/wp-content\/uploads\/2024\/03\/20240320_104645-1-1536x1321.jpg 1536w, https:\/\/bdebibe.com\/wp-content\/uploads\/2024\/03\/20240320_104645-1-2048x1762.jpg 2048w, https:\/\/bdebibe.com\/wp-content\/uploads\/2024\/03\/20240320_104645-1-600x516.jpg 600w\" sizes=\"(max-width: 2252px) 100vw, 2252px\" \/><\/figure><div class=\"stk-container-padding stk-block-card__content\"><div class=\"stk-block-content stk-inner-blocks stk-12fa9d8-inner-blocks\">\n<div class=\"wp-block-stackable-heading stk-block-heading stk-block-heading--v2 stk-block stk-4124119\" id=\"pack-de-viaje\" data-block-id=\"4124119\"><h2 class=\"stk-block-heading__text\">Pack de viaje<\/h2><\/div>\n\n\n\n<div class=\"wp-block-stackable-text stk-block-text stk-block stk-cbc5e47\" data-block-id=\"cbc5e47\"><p class=\"stk-block-text__text\">Este fant\u00e1stico pack de viaje har\u00e1 que no le falte nada a tu peque\u00f1o. Adem\u00e1s esta personalizado, para que ning\u00fan producto se le pierda<\/p><\/div>\n\n\n\n<div class=\"wp-block-stackable-button-group stk-block-button-group stk-block stk-4907b20\" data-block-id=\"4907b20\"><div class=\"stk-row stk-inner-blocks stk-block-content stk-button-group\">\n<div class=\"wp-block-stackable-button stk-block-button stk-block stk-c9c74d9\" data-block-id=\"c9c74d9\"><a class=\"stk-link stk-button stk--hover-effect-darken\" href=\"https:\/\/bdebibe.com\/index.php\/producto\/pack-viaje\/\"><span class=\"stk-button__inner-text\">Desc\u00fabrelo aqu\u00ed<\/span><\/a><\/div>\n<\/div><\/div>\n<\/div><\/div><\/div><\/div>\n<\/div><\/div><\/div>\n\n\n\n<div class=\"wp-block-stackable-column stk-block-column stk-column stk-block stk-4d099dd\" data-v=\"4\" data-block-id=\"4d099dd\"><div class=\"stk-column-wrapper stk-block-column__content stk-container stk-4d099dd-container stk--no-background stk--no-padding\"><div class=\"stk-block-content stk-inner-blocks stk-4d099dd-inner-blocks\">\n<div class=\"wp-block-stackable-card stk-block-card stk-block stk-d2fb44e is-style-default\" data-v=\"2\" data-block-id=\"d2fb44e\"><style>.stk-d2fb44e .stk-block-card__image img{object-position:55.00000000000001% 30% !important}<\/style><div class=\"stk--no-padding stk-container stk-d2fb44e-container stk-hover-parent\"><figure class=\"stk-block-card__image stk-img-wrapper stk-image--shape-stretch\"><img loading=\"lazy\" decoding=\"async\" class=\"stk-img wp-image-1368\" src=\"http:\/\/bdebibe.com\/wp-content\/uploads\/2024\/03\/20240320_105210-scaled.jpg\" width=\"1441\" height=\"2560\" srcset=\"https:\/\/bdebibe.com\/wp-content\/uploads\/2024\/03\/20240320_105210-scaled.jpg 1441w, https:\/\/bdebibe.com\/wp-content\/uploads\/2024\/03\/20240320_105210-169x300.jpg 169w, https:\/\/bdebibe.com\/wp-content\/uploads\/2024\/03\/20240320_105210-577x1024.jpg 577w, https:\/\/bdebibe.com\/wp-content\/uploads\/2024\/03\/20240320_105210-768x1364.jpg 768w, https:\/\/bdebibe.com\/wp-content\/uploads\/2024\/03\/20240320_105210-865x1536.jpg 865w, https:\/\/bdebibe.com\/wp-content\/uploads\/2024\/03\/20240320_105210-1153x2048.jpg 1153w, https:\/\/bdebibe.com\/wp-content\/uploads\/2024\/03\/20240320_105210-600x1066.jpg 600w\" sizes=\"(max-width: 1441px) 100vw, 1441px\" \/><\/figure><div class=\"stk-container-padding stk-block-card__content\"><div class=\"stk-block-content stk-inner-blocks stk-d2fb44e-inner-blocks\">\n<div class=\"wp-block-stackable-heading stk-block-heading stk-block-heading--v2 stk-block stk-cddff58\" id=\"botella\" data-block-id=\"cddff58\"><h2 class=\"stk-block-heading__text\">Botella<\/h2><\/div>\n\n\n\n<div class=\"wp-block-stackable-text stk-block-text stk-block stk-2bb154a\" data-block-id=\"2bb154a\"><style>.stk-2bb154a{margin-bottom:17px !important}<\/style><p class=\"stk-block-text__text\">Esta botella de aluminio ser\u00e1 la mejor compa\u00f1era de tu peque\u00f1o. Personalizada con su nombre ser\u00e1 ideal para la hidrataci\u00f3n, adem\u00e1s con su anilla nunca se le perder\u00e1<\/p><\/div>\n\n\n\n<div class=\"wp-block-stackable-button-group stk-block-button-group stk-block stk-e1a6923\" data-block-id=\"e1a6923\"><div class=\"stk-row stk-inner-blocks stk-block-content stk-button-group\">\n<div class=\"wp-block-stackable-button stk-block-button stk-block stk-381c183\" data-block-id=\"381c183\"><a class=\"stk-link stk-button stk--hover-effect-darken\" href=\"https:\/\/bdebibe.com\/index.php\/producto\/botella-de-aluminio\/\"><span class=\"stk-button__inner-text\">Desc\u00fabrelo aqu\u00ed<\/span><\/a><\/div>\n<\/div><\/div>\n<\/div><\/div><\/div><\/div>\n<\/div><\/div><\/div>\n\n\n\n<div class=\"wp-block-stackable-column stk-block-column stk-column stk-block stk-b5a1852\" data-v=\"4\" data-block-id=\"b5a1852\"><div class=\"stk-column-wrapper stk-block-column__content stk-container stk-b5a1852-container stk--no-background stk--no-padding\"><div class=\"stk-block-content stk-inner-blocks stk-b5a1852-inner-blocks\">\n<div class=\"wp-block-stackable-card stk-block-card stk-block stk-f970e67 is-style-default\" data-v=\"2\" data-block-id=\"f970e67\"><style>.stk-f970e67 .stk-block-card__image img{object-position:52% 36% !important}<\/style><div class=\"stk--no-padding stk-container stk-f970e67-container stk-hover-parent\"><figure class=\"stk-block-card__image stk-img-wrapper stk-image--shape-stretch\"><img loading=\"lazy\" decoding=\"async\" class=\"stk-img wp-image-1370\" src=\"http:\/\/bdebibe.com\/wp-content\/uploads\/2024\/03\/20240320_112255-scaled.jpg\" width=\"1441\" height=\"2560\" srcset=\"https:\/\/bdebibe.com\/wp-content\/uploads\/2024\/03\/20240320_112255-scaled.jpg 1441w, https:\/\/bdebibe.com\/wp-content\/uploads\/2024\/03\/20240320_112255-169x300.jpg 169w, https:\/\/bdebibe.com\/wp-content\/uploads\/2024\/03\/20240320_112255-577x1024.jpg 577w, https:\/\/bdebibe.com\/wp-content\/uploads\/2024\/03\/20240320_112255-768x1364.jpg 768w, https:\/\/bdebibe.com\/wp-content\/uploads\/2024\/03\/20240320_112255-865x1536.jpg 865w, https:\/\/bdebibe.com\/wp-content\/uploads\/2024\/03\/20240320_112255-1153x2048.jpg 1153w, https:\/\/bdebibe.com\/wp-content\/uploads\/2024\/03\/20240320_112255-600x1066.jpg 600w\" sizes=\"(max-width: 1441px) 100vw, 1441px\" \/><\/figure><div class=\"stk-container-padding stk-block-card__content\"><div class=\"stk-block-content stk-inner-blocks stk-f970e67-inner-blocks\">\n<div class=\"wp-block-stackable-heading stk-block-heading stk-block-heading--v2 stk-block stk-c637967\" id=\"cojin-para-le-cuello\" data-block-id=\"c637967\"><h2 class=\"stk-block-heading__text\">Coj\u00edn para le cuello<\/h2><\/div>\n\n\n\n<div class=\"wp-block-stackable-text stk-block-text stk-block stk-990927d\" data-block-id=\"990927d\"><p class=\"stk-block-text__text\">Este fant\u00e1stico coj\u00edn del cuello har\u00e1 que los viajes sean m\u00e1s c\u00f3modos, adem\u00e1s se personaliza con vinilo textil. <\/p><\/div>\n\n\n\n<div class=\"wp-block-stackable-button-group stk-block-button-group stk-block stk-c5f7e72\" data-block-id=\"c5f7e72\"><div class=\"stk-row stk-inner-blocks stk-block-content stk-button-group\">\n<div class=\"wp-block-stackable-button stk-block-button stk-block stk-245ea4b\" data-block-id=\"245ea4b\"><a class=\"stk-link stk-button stk--hover-effect-darken\" href=\"https:\/\/bdebibe.com\/index.php\/producto\/cojin-de-viaje-para-el-cuello\/\"><span class=\"stk-button__inner-text\">Desc\u00fabrelo aqu\u00ed<\/span><\/a><\/div>\n<\/div><\/div>\n<\/div><\/div><\/div><\/div>\n<\/div><\/div><\/div>\n<\/div><\/div>\n\n\n\n<div class=\"wp-block-stackable-columns stk-block-columns stk-block stk-717c197\" data-block-id=\"717c197\"><div class=\"stk-row stk-inner-blocks stk-block-content stk-content-align stk-717c197-column\">\n<div class=\"wp-block-stackable-column stk-block-column stk-column stk-block stk-ec94c3b\" data-v=\"4\" data-block-id=\"ec94c3b\"><div class=\"stk-column-wrapper stk-block-column__content stk-container stk-ec94c3b-container stk--no-background stk--no-padding\"><div class=\"stk-block-content stk-inner-blocks stk-ec94c3b-inner-blocks\">\n<div class=\"wp-block-stackable-card stk-block-card stk-block stk-04d3fd9 is-style-default\" data-v=\"2\" data-block-id=\"04d3fd9\"><div class=\"stk--no-padding stk-container stk-04d3fd9-container stk-hover-parent\"><figure class=\"stk-block-card__image stk-img-wrapper stk-image--shape-stretch\"><img loading=\"lazy\" decoding=\"async\" class=\"stk-img wp-image-1797\" src=\"http:\/\/bdebibe.com\/wp-content\/uploads\/2024\/04\/1712258967360-scaled.jpg\" width=\"1928\" height=\"2560\" srcset=\"https:\/\/bdebibe.com\/wp-content\/uploads\/2024\/04\/1712258967360-scaled.jpg 1928w, https:\/\/bdebibe.com\/wp-content\/uploads\/2024\/04\/1712258967360-226x300.jpg 226w, https:\/\/bdebibe.com\/wp-content\/uploads\/2024\/04\/1712258967360-771x1024.jpg 771w, https:\/\/bdebibe.com\/wp-content\/uploads\/2024\/04\/1712258967360-768x1020.jpg 768w, https:\/\/bdebibe.com\/wp-content\/uploads\/2024\/04\/1712258967360-1157x1536.jpg 1157w, https:\/\/bdebibe.com\/wp-content\/uploads\/2024\/04\/1712258967360-1542x2048.jpg 1542w, https:\/\/bdebibe.com\/wp-content\/uploads\/2024\/04\/1712258967360-600x797.jpg 600w\" sizes=\"(max-width: 1928px) 100vw, 1928px\" \/><\/figure><div class=\"stk-container-padding stk-block-card__content\"><div class=\"stk-block-content stk-inner-blocks stk-04d3fd9-inner-blocks\">\n<div class=\"wp-block-stackable-heading stk-block-heading stk-block-heading--v2 stk-block stk-214b750\" id=\"cubre-pasaportes\" data-block-id=\"214b750\"><h2 class=\"stk-block-heading__text\">Cubre pasaportes<\/h2><\/div>\n\n\n\n<div class=\"wp-block-stackable-text stk-block-text stk-block stk-1f9ad8b\" data-block-id=\"1f9ad8b\"><p class=\"stk-block-text__text\">En un viaje uno de nuestros vienes m\u00e1s preciados es el pasaporte. Aqu\u00ed encontrar\u00e1s diversos modelos diferentes de cubre pasaportes para poder proteger al documento m\u00e1s preciado. <\/p><\/div>\n\n\n\n<div class=\"wp-block-stackable-button-group stk-block-button-group stk-block stk-8d93410\" data-block-id=\"8d93410\"><div class=\"stk-row stk-inner-blocks stk-block-content stk-button-group\">\n<div class=\"wp-block-stackable-button stk-block-button stk-block stk-4e48404\" data-block-id=\"4e48404\"><a class=\"stk-link stk-button stk--hover-effect-darken\" href=\"https:\/\/bdebibe.com\/index.php\/producto\/funda-para-pasaporte\/\"><span class=\"stk-button__inner-text\">Desc\u00fabrelo aqu\u00ed<\/span><\/a><\/div>\n<\/div><\/div>\n<\/div><\/div><\/div><\/div>\n<\/div><\/div><\/div>\n\n\n\n<div class=\"wp-block-stackable-column stk-block-column stk-column stk-block stk-343b3cb\" data-v=\"4\" data-block-id=\"343b3cb\"><div class=\"stk-column-wrapper stk-block-column__content stk-container stk-343b3cb-container stk--no-background stk--no-padding\"><div class=\"stk-block-content stk-inner-blocks stk-343b3cb-inner-blocks\">\n<div class=\"wp-block-stackable-card stk-block-card stk-block stk-9bf1fa4 is-style-default\" data-v=\"2\" data-block-id=\"9bf1fa4\"><style>.stk-9bf1fa4 .stk-block-card__image img{object-position:50% 35% !important}<\/style><div class=\"stk--no-padding stk-container stk-9bf1fa4-container stk-hover-parent\"><figure class=\"stk-block-card__image stk-img-wrapper stk-image--shape-stretch\"><img loading=\"lazy\" decoding=\"async\" class=\"stk-img wp-image-1858\" src=\"http:\/\/bdebibe.com\/wp-content\/uploads\/2024\/05\/WhatsApp-Image-2024-05-19-at-17.01.11-5.jpeg\" width=\"1126\" height=\"2000\" srcset=\"https:\/\/bdebibe.com\/wp-content\/uploads\/2024\/05\/WhatsApp-Image-2024-05-19-at-17.01.11-5.jpeg 1126w, https:\/\/bdebibe.com\/wp-content\/uploads\/2024\/05\/WhatsApp-Image-2024-05-19-at-17.01.11-5-169x300.jpeg 169w, https:\/\/bdebibe.com\/wp-content\/uploads\/2024\/05\/WhatsApp-Image-2024-05-19-at-17.01.11-5-577x1024.jpeg 577w, https:\/\/bdebibe.com\/wp-content\/uploads\/2024\/05\/WhatsApp-Image-2024-05-19-at-17.01.11-5-768x1364.jpeg 768w, https:\/\/bdebibe.com\/wp-content\/uploads\/2024\/05\/WhatsApp-Image-2024-05-19-at-17.01.11-5-865x1536.jpeg 865w, https:\/\/bdebibe.com\/wp-content\/uploads\/2024\/05\/WhatsApp-Image-2024-05-19-at-17.01.11-5-600x1066.jpeg 600w\" sizes=\"(max-width: 1126px) 100vw, 1126px\" \/><\/figure><div class=\"stk-container-padding stk-block-card__content\"><div class=\"stk-block-content stk-inner-blocks stk-9bf1fa4-inner-blocks\">\n<div class=\"wp-block-stackable-heading stk-block-heading stk-block-heading--v2 stk-block stk-fdea806\" id=\"botella-con-pajita\" data-block-id=\"fdea806\"><h2 class=\"stk-block-heading__text\">Botella con pajita<\/h2><\/div>\n\n\n\n<div class=\"wp-block-stackable-text stk-block-text stk-block stk-3296bce\" data-block-id=\"3296bce\"><p class=\"stk-block-text__text\">Esta botella con pajita de silicona ser\u00e1 la mejor compa\u00f1era de tu peque\u00f1o y ser\u00e1 fant\u00e1stica para mantener una buena hidrataci\u00f3n. Adem\u00e1s es personalizada con el nombre para evitar que se pierda.<\/p><\/div>\n\n\n\n<div class=\"wp-block-stackable-button-group stk-block-button-group stk-block stk-41b984e\" data-block-id=\"41b984e\"><div class=\"stk-row stk-inner-blocks stk-block-content stk-button-group\">\n<div class=\"wp-block-stackable-button stk-block-button stk-block stk-7e4d146\" data-block-id=\"7e4d146\"><a class=\"stk-link stk-button stk--hover-effect-darken\" href=\"https:\/\/bdebibe.com\/index.php\/producto\/botella-con-pajita\/\"><span class=\"stk-button__inner-text\">Desc\u00fabrelo aqu\u00ed<\/span><\/a><\/div>\n<\/div><\/div>\n<\/div><\/div><\/div><\/div>\n<\/div><\/div><\/div>\n\n\n\n<div class=\"wp-block-stackable-column stk-block-column stk-column stk-block stk-ca8ff34\" data-v=\"4\" data-block-id=\"ca8ff34\"><div class=\"stk-column-wrapper stk-block-column__content stk-container stk-ca8ff34-container stk--no-background stk--no-padding\"><div class=\"stk-block-content stk-inner-blocks stk-ca8ff34-inner-blocks\">\n<div class=\"wp-block-stackable-card stk-block-card stk-block stk-8789279 is-style-default\" data-v=\"2\" data-block-id=\"8789279\"><style>.stk-8789279 .stk-block-card__image img{object-position:53% 34% !important}<\/style><div class=\"stk--no-padding stk-container stk-8789279-container stk-hover-parent\"><figure class=\"stk-block-card__image stk-img-wrapper stk-image--shape-stretch\"><img loading=\"lazy\" decoding=\"async\" class=\"stk-img wp-image-1888\" src=\"http:\/\/bdebibe.com\/wp-content\/uploads\/2024\/05\/WhatsApp-Image-2024-05-20-at-10.32.34-1.jpeg\" width=\"1126\" height=\"2000\" srcset=\"https:\/\/bdebibe.com\/wp-content\/uploads\/2024\/05\/WhatsApp-Image-2024-05-20-at-10.32.34-1.jpeg 1126w, https:\/\/bdebibe.com\/wp-content\/uploads\/2024\/05\/WhatsApp-Image-2024-05-20-at-10.32.34-1-169x300.jpeg 169w, https:\/\/bdebibe.com\/wp-content\/uploads\/2024\/05\/WhatsApp-Image-2024-05-20-at-10.32.34-1-577x1024.jpeg 577w, https:\/\/bdebibe.com\/wp-content\/uploads\/2024\/05\/WhatsApp-Image-2024-05-20-at-10.32.34-1-768x1364.jpeg 768w, https:\/\/bdebibe.com\/wp-content\/uploads\/2024\/05\/WhatsApp-Image-2024-05-20-at-10.32.34-1-865x1536.jpeg 865w, https:\/\/bdebibe.com\/wp-content\/uploads\/2024\/05\/WhatsApp-Image-2024-05-20-at-10.32.34-1-600x1066.jpeg 600w\" sizes=\"(max-width: 1126px) 100vw, 1126px\" \/><\/figure><div class=\"stk-container-padding stk-block-card__content\"><div class=\"stk-block-content stk-inner-blocks stk-8789279-inner-blocks\">\n<div class=\"wp-block-stackable-heading stk-block-heading stk-block-heading--v2 stk-block stk-c3bbfc6\" id=\"sombrero\" data-block-id=\"c3bbfc6\"><h2 class=\"stk-block-heading__text\">Sombrero.<\/h2><\/div>\n\n\n\n<div class=\"wp-block-stackable-text stk-block-text stk-block stk-71b3062\" data-block-id=\"71b3062\"><p class=\"stk-block-text__text\">Este fant\u00e1stico sombrero tipo pescador har\u00e1 que los juegos de tu peque\u00f1o sean m\u00e1s seguros bajo el sol. Adem\u00e1s cuenta con una cuerda que se ajusta a la cabeza para evitar que se pierda. <\/p><\/div>\n\n\n\n<div class=\"wp-block-stackable-button-group stk-block-button-group stk-block stk-feb93f2\" data-block-id=\"feb93f2\"><div class=\"stk-row stk-inner-blocks stk-block-content stk-button-group\">\n<div class=\"wp-block-stackable-button stk-block-button stk-block stk-bfcbdff\" data-block-id=\"bfcbdff\"><a class=\"stk-link stk-button stk--hover-effect-darken\" href=\"https:\/\/bdebibe.com\/index.php\/producto\/sombrero-tipo-pescador\/\"><span class=\"stk-button__inner-text\">Desc\u00fabrelo aqu\u00ed<\/span><\/a><\/div>\n<\/div><\/div>\n<\/div><\/div><\/div><\/div>\n<\/div><\/div><\/div>\n<\/div><\/div>\n","protected":false},"excerpt":{"rendered":"<p>Pack de viaje Este fant\u00e1stico pack de viaje har\u00e1 que no le falte nada a tu peque\u00f1o. Adem\u00e1s esta personalizado, para que ning\u00fan producto se le pierda Desc\u00fabrelo aqu\u00ed Botella Esta botella de aluminio ser\u00e1 la mejor compa\u00f1era de tu peque\u00f1o. Personalizada con su nombre ser\u00e1 ideal para la hidrataci\u00f3n, adem\u00e1s con su anilla nunca [&hellip;]<\/p>\n","protected":false},"author":1,"featured_media":1894,"parent":0,"menu_order":0,"comment_status":"closed","ping_status":"closed","template":"","meta":{"footnotes":""},"blocksy_meta":[],"featured_image_urls":{"full":["https:\/\/bdebibe.com\/wp-content\/uploads\/2024\/05\/verano-scaled.jpg",2560,1709,false],"thumbnail":["https:\/\/bdebibe.com\/wp-content\/uploads\/2024\/05\/verano-150x150.jpg",150,150,true],"medium":["https:\/\/bdebibe.com\/wp-content\/uploads\/2024\/05\/verano-300x200.jpg",300,200,true],"medium_large":["https:\/\/bdebibe.com\/wp-content\/uploads\/2024\/05\/verano-768x513.jpg",768,513,true],"large":["https:\/\/bdebibe.com\/wp-content\/uploads\/2024\/05\/verano-1024x683.jpg",1024,683,true],"1536x1536":["https:\/\/bdebibe.com\/wp-content\/uploads\/2024\/05\/verano-1536x1025.jpg",1536,1025,true],"2048x2048":["https:\/\/bdebibe.com\/wp-content\/uploads\/2024\/05\/verano-2048x1367.jpg",2048,1367,true],"woocommerce_archive_thumbnail":["https:\/\/bdebibe.com\/wp-content\/uploads\/2024\/05\/verano-500x500.jpg",500,500,true],"woocommerce_thumbnail":["https:\/\/bdebibe.com\/wp-content\/uploads\/2024\/05\/verano-300x300.jpg",300,300,true],"woocommerce_single":["https:\/\/bdebibe.com\/wp-content\/uploads\/2024\/05\/verano-600x400.jpg",600,400,true],"woocommerce_gallery_thumbnail":["https:\/\/bdebibe.com\/wp-content\/uploads\/2024\/05\/verano-100x100.jpg",100,100,true]},"post_excerpt_stackable":"<p>Pack de viaje Este fant\u00e1stico pack de viaje har\u00e1 que no le falte nada a tu peque\u00f1o. Adem\u00e1s esta personalizado, para que ning\u00fan producto se le pierda Desc\u00fabrelo aqu\u00ed Botella Esta botella de aluminio ser\u00e1 la mejor compa\u00f1era de tu peque\u00f1o. Personalizada con su nombre ser\u00e1 ideal para la hidrataci\u00f3n, adem\u00e1s con su anilla nunca se le perder\u00e1 Desc\u00fabrelo aqu\u00ed Coj\u00edn para le cuello Este fant\u00e1stico coj\u00edn del cuello har\u00e1 que los viajes sean m\u00e1s c\u00f3modos, adem\u00e1s se personaliza con vinilo textil. Desc\u00fabrelo aqu\u00ed Cubre pasaportes En un viaje uno de nuestros vienes m\u00e1s preciados es el pasaporte. Aqu\u00ed encontrar\u00e1s&hellip;<\/p>\n","category_list":"","author_info":{"name":"bdebibe.com","url":"https:\/\/bdebibe.com\/index.php\/author\/bdebibe-com\/"},"comments_num":"0 comentarios","jetpack_sharing_enabled":true,"_links":{"self":[{"href":"https:\/\/bdebibe.com\/index.php\/wp-json\/wp\/v2\/pages\/1897"}],"collection":[{"href":"https:\/\/bdebibe.com\/index.php\/wp-json\/wp\/v2\/pages"}],"about":[{"href":"https:\/\/bdebibe.com\/index.php\/wp-json\/wp\/v2\/types\/page"}],"author":[{"embeddable":true,"href":"https:\/\/bdebibe.com\/index.php\/wp-json\/wp\/v2\/users\/1"}],"replies":[{"embeddable":true,"href":"https:\/\/bdebibe.com\/index.php\/wp-json\/wp\/v2\/comments?post=1897"}],"version-history":[{"count":1,"href":"https:\/\/bdebibe.com\/index.php\/wp-json\/wp\/v2\/pages\/1897\/revisions"}],"predecessor-version":[{"id":1898,"href":"https:\/\/bdebibe.com\/index.php\/wp-json\/wp\/v2\/pages\/1897\/revisions\/1898"}],"wp:featuredmedia":[{"embeddable":true,"href":"https:\/\/bdebibe.com\/index.php\/wp-json\/wp\/v2\/media\/1894"}],"wp:attachment":[{"href":"https:\/\/bdebibe.com\/index.php\/wp-json\/wp\/v2\/media?parent=1897"}],"curies":[{"name":"wp","href":"https:\/\/api.w.org\/{rel}","templated":true}]}}