{"id":994,"date":"2023-12-23T20:27:24","date_gmt":"2023-12-23T19:27:24","guid":{"rendered":"https:\/\/bdebibe.com\/?page_id=994"},"modified":"2024-02-16T14:48:01","modified_gmt":"2024-02-16T13:48:01","slug":"condiciones-de-venta","status":"publish","type":"page","link":"https:\/\/bdebibe.com\/index.php\/condiciones-de-venta\/","title":{"rendered":"Condiciones de venta"},"content":{"rendered":"\n<div class=\"wp-block-stackable-heading stk-block-heading stk-block-heading--v2 stk-block stk-0158bbd\" id=\"al-realizar-el-pedido-y-realizar-el-pago-de-este-usted-esta-aceptando-todas-estas-condiciones-de-venta-por-ello-es-muy-importante-que-las-lea-determinadamente\" data-block-id=\"0158bbd\"><style>.stk-0158bbd .stk-block-heading__text{font-family:\"Coming Soon\",Sans-serif !important}<\/style><h5 class=\"stk-block-heading__text\">Al realizar el pedido y realizar el pago de \u00e9ste usted esta aceptando todas estas condiciones de venta, por ello es muy importante que las lea determinadamente. <\/h5><\/div>\n\n\n\n<details class=\"wp-block-stackable-accordion stk-block-accordion stk-inner-blocks stk-block-content stk-block stk-0ee383a is-style-default\" data-block-id=\"0ee383a\"><style>.stk-0ee383a{margin-bottom:0px !important}<\/style>\n<summary class=\"wp-block-stackable-column stk-block-column stk-column stk-block stk-a8e1210 stk--container-small stk-block-accordion__heading\" data-v=\"4\" data-block-id=\"a8e1210\"><div class=\"stk-column-wrapper stk-block-column__content stk-container stk-a8e1210-container stk-hover-parent\"><div class=\"stk-block-content stk-inner-blocks stk-a8e1210-inner-blocks\">\n<div class=\"wp-block-stackable-icon-label stk-block-icon-label stk-block stk-1231b68\" data-block-id=\"1231b68\"><div class=\"stk-row stk-inner-blocks stk-block-content\">\n<div class=\"wp-block-stackable-heading stk-block-heading stk-block-heading--v2 stk-block stk-6d792db\" id=\"pedidos\" data-block-id=\"6d792db\"><style>.stk-6d792db .stk-block-heading__text{font-family:\"Coming Soon\",Sans-serif !important}<\/style><h4 class=\"stk-block-heading__text\">Pedidos<\/h4><\/div>\n\n\n\n<div class=\"wp-block-stackable-icon stk-block-icon stk-block stk-822e54f\" data-block-id=\"822e54f\"><span class=\"stk--svg-wrapper\"><div class=\"stk--inner-svg\"><svg style=\"height:0;width:0\"><defs><linearGradient id=\"linear-gradient-822e54f\" x1=\"0\" x2=\"100%\" y1=\"0\" y2=\"0\"><stop offset=\"0%\" style=\"stop-opacity:1;stop-color:var(--linear-gradient-822-e-54-f-color-1)\"><\/stop><stop offset=\"100%\" style=\"stop-opacity:1;stop-color:var(--linear-gradient-822-e-54-f-color-2)\"><\/stop><\/linearGradient><\/defs><\/svg><svg data-prefix=\"fas\" data-icon=\"chevron-down\" class=\"svg-inline--fa fa-chevron-down fa-w-14\" xmlns=\"http:\/\/www.w3.org\/2000\/svg\" viewBox=\"0 0 448 512\" aria-hidden=\"true\" width=\"32\" height=\"32\"><path fill=\"currentColor\" d=\"M207.029 381.476L12.686 187.132c-9.373-9.373-9.373-24.569 0-33.941l22.667-22.667c9.357-9.357 24.522-9.375 33.901-.04L224 284.505l154.745-154.021c9.379-9.335 24.544-9.317 33.901.04l22.667 22.667c9.373 9.373 9.373 24.569 0 33.941L240.971 381.476c-9.373 9.372-24.569 9.372-33.942 0z\"><\/path><\/svg><\/div><\/span><\/div>\n<\/div><\/div>\n<\/div><\/div><\/summary>\n\n\n\n<div class=\"wp-block-stackable-column stk-block-column stk-column stk-block stk-06c41ed stk-block-accordion__content\" data-v=\"4\" data-block-id=\"06c41ed\"><div class=\"stk-column-wrapper stk-block-column__content stk-container stk-06c41ed-container stk--no-background stk--no-padding\"><div class=\"stk-block-content stk-inner-blocks stk-06c41ed-inner-blocks\">\n<div class=\"wp-block-stackable-text stk-block-text stk-block stk-72ff47a\" data-block-id=\"72ff47a\"><style>.stk-72ff47a .stk-block-text__text{font-family:\"Coming Soon\",Sans-serif !important}<\/style><p class=\"stk-block-text__text\">En el precio de todos los productos<strong> no esta incluido el env\u00edo.<\/strong><br><br>En <strong>productos personalizados <\/strong>se pondr\u00e1n los nombres que hayan sido enviados por WhatsApp al n\u00famero indicado en la p\u00e1gina web. Cualquier fallo ortogr\u00e1fico producido al enviar el nombre, no nos hacemos responsable de ello. Si hay alg\u00fan fallo ortogr\u00e1fico, se reemplazar\u00e1 el producto sin ning\u00fan coste. <br><br>Los <strong>chupeteros <\/strong>y <strong>mordedores<\/strong>, tras realizar el pedido, antes de ensamblar el producto se le enviar\u00e1 una foto al cliente para que pueda ver como queda el conjunto, momento en el que se puede realizar cualquier cambio. Una vez ensambladas todas las piezas no se aceptan cambios.<br><br>Todos los materiales de <strong>madera <\/strong>pueden tener alg\u00fan tipo de modificaci\u00f3n en la imagen ya que se trata de madera natural. Por ello, los nudos o cualquier tipo de aspecto producido por la madera no se considerar\u00e1 como defectuoso. <br><br>Las <strong>fotograf\u00edas <\/strong>que se env\u00eden deber\u00e1n de ser enviados al correo que aparece en esta p\u00e1gina web con la m\u00e1xima calidad posible. Ya que nosotros no mejoramos la calidad de la fotograf\u00eda y la imagen impresa ser\u00e1 la que se env\u00ede. <br><br>Los dise\u00f1os digitales o productos personalizados desde cero solo podr\u00e1n ser modificados 2 veces. Si hubiera que modificarlo m\u00e1s de 2 veces, tendr\u00e1 un coste adicional.<\/p><\/div>\n<\/div><\/div><\/div>\n<\/details>\n\n\n\n<details class=\"wp-block-stackable-accordion stk-block-accordion stk-inner-blocks stk-block-content stk-block stk-02c8ca9 is-style-default\" data-block-id=\"02c8ca9\"><style>.stk-02c8ca9{margin-bottom:0px !important}<\/style>\n<summary class=\"wp-block-stackable-column stk-block-column stk-column stk-block stk-074417b stk--container-small stk-block-accordion__heading\" data-v=\"4\" data-block-id=\"074417b\"><div class=\"stk-column-wrapper stk-block-column__content stk-container stk-074417b-container stk-hover-parent\"><div class=\"stk-block-content stk-inner-blocks stk-074417b-inner-blocks\">\n<div class=\"wp-block-stackable-icon-label stk-block-icon-label stk-block stk-3b5f2a3\" data-block-id=\"3b5f2a3\"><div class=\"stk-row stk-inner-blocks stk-block-content\">\n<div class=\"wp-block-stackable-heading stk-block-heading stk-block-heading--v2 stk-block stk-363c5a2\" id=\"pagos\" data-block-id=\"363c5a2\"><style>.stk-363c5a2 .stk-block-heading__text{font-family:\"Coming Soon\",Sans-serif !important}<\/style><h4 class=\"stk-block-heading__text\">Pagos<\/h4><\/div>\n\n\n\n<div class=\"wp-block-stackable-icon stk-block-icon stk-block stk-cfa2aa2\" data-block-id=\"cfa2aa2\"><span class=\"stk--svg-wrapper\"><div class=\"stk--inner-svg\"><svg style=\"height:0;width:0\"><defs><linearGradient id=\"linear-gradient-cfa2aa2\" x1=\"0\" x2=\"100%\" y1=\"0\" y2=\"0\"><stop offset=\"0%\" style=\"stop-opacity:1;stop-color:var(--linear-gradient-cfa-2-aa-2-color-1)\"><\/stop><stop offset=\"100%\" style=\"stop-opacity:1;stop-color:var(--linear-gradient-cfa-2-aa-2-color-2)\"><\/stop><\/linearGradient><\/defs><\/svg><svg data-prefix=\"fas\" data-icon=\"chevron-down\" class=\"svg-inline--fa fa-chevron-down fa-w-14\" xmlns=\"http:\/\/www.w3.org\/2000\/svg\" viewBox=\"0 0 448 512\" aria-hidden=\"true\" width=\"32\" height=\"32\"><path fill=\"currentColor\" d=\"M207.029 381.476L12.686 187.132c-9.373-9.373-9.373-24.569 0-33.941l22.667-22.667c9.357-9.357 24.522-9.375 33.901-.04L224 284.505l154.745-154.021c9.379-9.335 24.544-9.317 33.901.04l22.667 22.667c9.373 9.373 9.373 24.569 0 33.941L240.971 381.476c-9.373 9.372-24.569 9.372-33.942 0z\"><\/path><\/svg><\/div><\/span><\/div>\n<\/div><\/div>\n<\/div><\/div><\/summary>\n\n\n\n<div class=\"wp-block-stackable-column stk-block-column stk-column stk-block stk-fa2ed78 stk-block-accordion__content\" data-v=\"4\" data-block-id=\"fa2ed78\"><div class=\"stk-column-wrapper stk-block-column__content stk-container stk-fa2ed78-container stk--no-background stk--no-padding\"><div class=\"stk-block-content stk-inner-blocks stk-fa2ed78-inner-blocks\">\n<div class=\"wp-block-stackable-text stk-block-text stk-block stk-7efcb72\" data-block-id=\"7efcb72\"><style>.stk-7efcb72 .stk-block-text__text{font-family:\"Coming Soon\",Sans-serif !important}<\/style><p class=\"stk-block-text__text\">El pedido se comenzar\u00e1 a realizar una vez que se haga el pago del pedido por completo. <br>El pago se realizar\u00e1 a trav\u00e9s de Bizum, o enlace de pago.<br>Todos los precios incluyen I.V.A.<\/p><\/div>\n<\/div><\/div><\/div>\n<\/details>\n\n\n\n<details class=\"wp-block-stackable-accordion stk-block-accordion stk-inner-blocks stk-block-content stk-block stk-85e1bc7 is-style-default\" data-block-id=\"85e1bc7\"><style>.stk-85e1bc7{margin-bottom:0px !important}<\/style>\n<summary class=\"wp-block-stackable-column stk-block-column stk-column stk-block stk-248551a stk--container-small stk-block-accordion__heading\" data-v=\"4\" data-block-id=\"248551a\"><div class=\"stk-column-wrapper stk-block-column__content stk-container stk-248551a-container stk-hover-parent\"><div class=\"stk-block-content stk-inner-blocks stk-248551a-inner-blocks\">\n<div class=\"wp-block-stackable-icon-label stk-block-icon-label stk-block stk-5f09500\" data-block-id=\"5f09500\"><div class=\"stk-row stk-inner-blocks stk-block-content\">\n<div class=\"wp-block-stackable-heading stk-block-heading stk-block-heading--v2 stk-block stk-e0d0d17\" id=\"envios\" data-block-id=\"e0d0d17\"><style>.stk-e0d0d17 .stk-block-heading__text{font-family:\"Coming Soon\",Sans-serif !important}<\/style><h4 class=\"stk-block-heading__text\">Env\u00edos<\/h4><\/div>\n\n\n\n<div class=\"wp-block-stackable-icon stk-block-icon stk-block stk-e14dc02\" data-block-id=\"e14dc02\"><span class=\"stk--svg-wrapper\"><div class=\"stk--inner-svg\"><svg style=\"height:0;width:0\"><defs><linearGradient id=\"linear-gradient-e14dc02\" x1=\"0\" x2=\"100%\" y1=\"0\" y2=\"0\"><stop offset=\"0%\" style=\"stop-opacity:1;stop-color:var(--linear-gradient-e-14-dc-02-color-1)\"><\/stop><stop offset=\"100%\" style=\"stop-opacity:1;stop-color:var(--linear-gradient-e-14-dc-02-color-2)\"><\/stop><\/linearGradient><\/defs><\/svg><svg data-prefix=\"fas\" data-icon=\"chevron-down\" class=\"svg-inline--fa fa-chevron-down fa-w-14\" xmlns=\"http:\/\/www.w3.org\/2000\/svg\" viewBox=\"0 0 448 512\" aria-hidden=\"true\" width=\"32\" height=\"32\"><path fill=\"currentColor\" d=\"M207.029 381.476L12.686 187.132c-9.373-9.373-9.373-24.569 0-33.941l22.667-22.667c9.357-9.357 24.522-9.375 33.901-.04L224 284.505l154.745-154.021c9.379-9.335 24.544-9.317 33.901.04l22.667 22.667c9.373 9.373 9.373 24.569 0 33.941L240.971 381.476c-9.373 9.372-24.569 9.372-33.942 0z\"><\/path><\/svg><\/div><\/span><\/div>\n<\/div><\/div>\n<\/div><\/div><\/summary>\n\n\n\n<div class=\"wp-block-stackable-column stk-block-column stk-column stk-block stk-26043dc stk-block-accordion__content\" data-v=\"4\" data-block-id=\"26043dc\"><div class=\"stk-column-wrapper stk-block-column__content stk-container stk-26043dc-container stk--no-background stk--no-padding\"><div class=\"stk-block-content stk-inner-blocks stk-26043dc-inner-blocks\">\n<div class=\"wp-block-stackable-text stk-block-text stk-block stk-e9b6a9a\" data-block-id=\"e9b6a9a\"><style>.stk-e9b6a9a .stk-block-text__text{font-family:\"Coming Soon\",Sans-serif !important}<\/style><p class=\"stk-block-text__text\">El importe de env\u00edo no esta incluido en el precio del producto. <br><br>Los env\u00edos se realizar\u00e1n a trav\u00e9s de las diferentes mensajer\u00edas que trabajan en territorio espa\u00f1ol. Por ello, solamente se realizan env\u00edos y se aceptan pedidos realizados en Espa\u00f1a. <br><br>El precio es de 6.50\u20ac. En el incluye el embalaje y protecci\u00f3n de \u00e9ste.. A EXCEPCI\u00d3N de los c\u00f3digos postales: 19162, 28050 y 28006 siempre y cu\u00e1ndo se acuerde la recogida en mano.  <br><br>Todos los productos se enviar\u00e1n con un embalaje para evitar desperfectos.<br><br>Los env\u00edos que entreguemos a mano con un desplazamiento de 30km respecto al punto cero de las carreteras (Puerta de Sol), y no contemplado en los c\u00f3digos postales anteriores, tendr\u00e1 un coste de 5\u20ac. Aquellos env\u00edos a m\u00e1s de 30 km los env\u00edos ser\u00e1n por mensajer\u00eda.<br><br><strong>Aquellos productos que son recogidos en mano por el cliente sin ning\u00fan tipo de desplazamiento por parte del vendedor no se cobrara env\u00edo. Por lo tanto, el precio de env\u00edo se eliminar\u00e1 en el momento del pago.<\/strong><\/p><\/div>\n<\/div><\/div><\/div>\n<\/details>\n\n\n\n<details class=\"wp-block-stackable-accordion stk-block-accordion stk-inner-blocks stk-block-content stk-block stk-578f5cc is-style-default\" data-block-id=\"578f5cc\"><style>.stk-578f5cc{margin-bottom:0px !important}<\/style>\n<summary class=\"wp-block-stackable-column stk-block-column stk-column stk-block stk-8e0c261 stk--container-small stk-block-accordion__heading\" data-v=\"4\" data-block-id=\"8e0c261\"><div class=\"stk-column-wrapper stk-block-column__content stk-container stk-8e0c261-container stk-hover-parent\"><div class=\"stk-block-content stk-inner-blocks stk-8e0c261-inner-blocks\">\n<div class=\"wp-block-stackable-icon-label stk-block-icon-label stk-block stk-c2e85b2\" data-block-id=\"c2e85b2\"><div class=\"stk-row stk-inner-blocks stk-block-content\">\n<div class=\"wp-block-stackable-heading stk-block-heading stk-block-heading--v2 stk-block stk-b7356ad\" id=\"devoluciones\" data-block-id=\"b7356ad\"><style>.stk-b7356ad .stk-block-heading__text{font-family:\"Coming Soon\",Sans-serif !important}<\/style><h4 class=\"stk-block-heading__text\">Devoluciones<\/h4><\/div>\n\n\n\n<div class=\"wp-block-stackable-icon stk-block-icon stk-block stk-a00ab6a\" data-block-id=\"a00ab6a\"><span class=\"stk--svg-wrapper\"><div class=\"stk--inner-svg\"><svg style=\"height:0;width:0\"><defs><linearGradient id=\"linear-gradient-a00ab6a\" x1=\"0\" x2=\"100%\" y1=\"0\" y2=\"0\"><stop offset=\"0%\" style=\"stop-opacity:1;stop-color:var(--linear-gradient-a-00-ab-6-a-color-1)\"><\/stop><stop offset=\"100%\" style=\"stop-opacity:1;stop-color:var(--linear-gradient-a-00-ab-6-a-color-2)\"><\/stop><\/linearGradient><\/defs><\/svg><svg data-prefix=\"fas\" data-icon=\"chevron-down\" class=\"svg-inline--fa fa-chevron-down fa-w-14\" xmlns=\"http:\/\/www.w3.org\/2000\/svg\" viewBox=\"0 0 448 512\" aria-hidden=\"true\" width=\"32\" height=\"32\"><path fill=\"currentColor\" d=\"M207.029 381.476L12.686 187.132c-9.373-9.373-9.373-24.569 0-33.941l22.667-22.667c9.357-9.357 24.522-9.375 33.901-.04L224 284.505l154.745-154.021c9.379-9.335 24.544-9.317 33.901.04l22.667 22.667c9.373 9.373 9.373 24.569 0 33.941L240.971 381.476c-9.373 9.372-24.569 9.372-33.942 0z\"><\/path><\/svg><\/div><\/span><\/div>\n<\/div><\/div>\n<\/div><\/div><\/summary>\n\n\n\n<div class=\"wp-block-stackable-column stk-block-column stk-column stk-block stk-9c1a269 stk-block-accordion__content\" data-v=\"4\" data-block-id=\"9c1a269\"><div class=\"stk-column-wrapper stk-block-column__content stk-container stk-9c1a269-container stk--no-background stk--no-padding\"><div class=\"stk-block-content stk-inner-blocks stk-9c1a269-inner-blocks\">\n<div class=\"wp-block-stackable-text stk-block-text stk-block stk-ecc7a23\" data-block-id=\"ecc7a23\"><style>.stk-ecc7a23 .stk-block-text__text{font-family:\"Coming Soon\",Sans-serif !important}<\/style><p class=\"stk-block-text__text\">Respecto a los productos personalizados no se acepta ning\u00fan tipo de devoluci\u00f3n. <\/p><\/div>\n\n\n\n<div class=\"wp-block-stackable-text stk-block-text stk-block stk-1759b0d\" data-block-id=\"1759b0d\"><style>.stk-1759b0d .stk-block-text__text{font-family:\"Coming Soon\",Sans-serif !important}<\/style><p class=\"stk-block-text__text\">Los productos no personalizados se aceptan devoluciones. El coste de env\u00edo de la devoluci\u00f3n ser\u00e1 asumida por el comprador. La devoluci\u00f3n del dinero se realizar\u00e1 una vez que tengamos el producto y veamos que este en perfectas condiciones.<\/p><\/div>\n<\/div><\/div><\/div>\n<\/details>\n","protected":false},"excerpt":{"rendered":"<p>Al realizar el pedido y realizar el pago de \u00e9ste usted esta aceptando todas estas condiciones de venta, por ello es muy importante que las lea determinadamente. Pedidos En el precio de todos los productos no esta incluido el env\u00edo. En productos personalizados se pondr\u00e1n los nombres que hayan sido enviados por WhatsApp al n\u00famero [&hellip;]<\/p>\n","protected":false},"author":1,"featured_media":0,"parent":0,"menu_order":0,"comment_status":"closed","ping_status":"closed","template":"","meta":{"footnotes":""},"blocksy_meta":[],"featured_image_urls":{"full":"","thumbnail":"","medium":"","medium_large":"","large":"","1536x1536":"","2048x2048":"","woocommerce_archive_thumbnail":"","woocommerce_thumbnail":"","woocommerce_single":"","woocommerce_gallery_thumbnail":""},"post_excerpt_stackable":"<p>Al realizar el pedido y realizar el pago de \u00e9ste usted esta aceptando todas estas condiciones de venta, por ello es muy importante que las lea determinadamente. Pedidos En el precio de todos los productos no esta incluido el env\u00edo.En productos personalizados se pondr\u00e1n los nombres que hayan sido enviados por WhatsApp al n\u00famero indicado en la p\u00e1gina web. Cualquier fallo ortogr\u00e1fico producido al enviar el nombre, no nos hacemos responsable de ello. Si hay alg\u00fan fallo ortogr\u00e1fico, se reemplazar\u00e1 el producto sin ning\u00fan coste. Los chupeteros y mordedores, tras realizar el pedido, antes de ensamblar el producto se le&hellip;<\/p>\n","category_list":"","author_info":{"name":"bdebibe.com","url":"https:\/\/bdebibe.com\/index.php\/author\/bdebibe-com\/"},"comments_num":"0 comentarios","jetpack_sharing_enabled":true,"_links":{"self":[{"href":"https:\/\/bdebibe.com\/index.php\/wp-json\/wp\/v2\/pages\/994"}],"collection":[{"href":"https:\/\/bdebibe.com\/index.php\/wp-json\/wp\/v2\/pages"}],"about":[{"href":"https:\/\/bdebibe.com\/index.php\/wp-json\/wp\/v2\/types\/page"}],"author":[{"embeddable":true,"href":"https:\/\/bdebibe.com\/index.php\/wp-json\/wp\/v2\/users\/1"}],"replies":[{"embeddable":true,"href":"https:\/\/bdebibe.com\/index.php\/wp-json\/wp\/v2\/comments?post=994"}],"version-history":[{"count":5,"href":"https:\/\/bdebibe.com\/index.php\/wp-json\/wp\/v2\/pages\/994\/revisions"}],"predecessor-version":[{"id":1246,"href":"https:\/\/bdebibe.com\/index.php\/wp-json\/wp\/v2\/pages\/994\/revisions\/1246"}],"wp:attachment":[{"href":"https:\/\/bdebibe.com\/index.php\/wp-json\/wp\/v2\/media?parent=994"}],"curies":[{"name":"wp","href":"https:\/\/api.w.org\/{rel}","templated":true}]}}