{"id":1285,"date":"2024-03-02T19:06:26","date_gmt":"2024-03-02T18:06:26","guid":{"rendered":"https:\/\/bdebibe.com\/?post_type=product&#038;p=1285"},"modified":"2024-03-23T09:54:19","modified_gmt":"2024-03-23T08:54:19","slug":"pack-body-camiseta","status":"publish","type":"product","link":"https:\/\/bdebibe.com\/index.php\/producto\/pack-body-camiseta\/","title":{"rendered":"Pack body + camiseta"},"content":{"rendered":"<p>El D\u00eda del Padre es una ocasi\u00f3n especial para honrar y celebrar el v\u00ednculo \u00fanico entre padres e hijos, y qu\u00e9 mejor manera de hacerlo que con nuestro nuevo pack de body y camiseta totalmente personalizables. Dise\u00f1ado con amor y cuidado, este conjunto no solo es un regalo pr\u00e1ctico, sino tambi\u00e9n una expresi\u00f3n tangible del amor y la conexi\u00f3n entre un padre y su hijo\/a.<\/p>\n<p>Lo que hace que nuestro pack sea verdaderamente especial es la capacidad de personalizaci\u00f3n. Desde los nombres de los miembros de la familia hasta mensajes conmovedores o divertidos dise\u00f1os. \u00bfQuieres agregar el nombre del pap\u00e1 y del beb\u00e9? \u00bfO quiz\u00e1s un mensaje gracioso que solo ustedes dos entender\u00e1n? \u00a1Las posibilidades son infinitas!<\/p>\n<p>Fabricados con materiales de alta calidad y un cuidado artesanal, tanto el body como la camiseta son suaves al tacto y c\u00f3modos de usar, lo que garantiza la comodidad del beb\u00e9 y la durabilidad del conjunto.<\/p>\n<p>Este pack de body y camiseta no solo es adecuado para el D\u00eda del Padre, sino tambi\u00e9n para cualquier ocasi\u00f3n especial que celebre la relaci\u00f3n entre un padre y su hijo\/a. Ya sea un cumplea\u00f1os, un aniversario o simplemente un d\u00eda para recordar cu\u00e1nto se aprecian mutuamente, este conjunto personalizado ser\u00e1 un regalo memorable y significativo.<\/p>\n<p>\u00a1Haz que este D\u00eda del Padre sea verdaderamente inolvidable con un regalo que celebra el v\u00ednculo especial entre ambos!<\/p>\n","protected":false},"excerpt":{"rendered":"<p>\u00a1Celebra el amor entre padres e hijos con nuestro nuevo pack de body y camiseta personalizables para el D\u00eda del Padre!<\/p>\n<p>Elige de entre nuestros dise\u00f1os con nombres, mensajes especiales o divertidos dise\u00f1os, o trae tu idea y la haremos realidad.<\/p>\n<p>\u00a1Haz que este d\u00eda sea inolvidable con un regalo que celebra el lazo \u00fanico entre padre e hijo\/a!<\/p>\n","protected":false},"featured_media":1273,"comment_status":"open","ping_status":"closed","template":"","meta":[],"product_cat":[102],"product_tag":[26,27,103,104,39],"featured_image_urls":{"full":["https:\/\/bdebibe.com\/wp-content\/uploads\/2024\/03\/WhatsApp-Image-2024-03-02-at-12.40.11-PM.jpeg",923,929,false],"thumbnail":["https:\/\/bdebibe.com\/wp-content\/uploads\/2024\/03\/WhatsApp-Image-2024-03-02-at-12.40.11-PM-150x150.jpeg",150,150,true],"medium":["https:\/\/bdebibe.com\/wp-content\/uploads\/2024\/03\/WhatsApp-Image-2024-03-02-at-12.40.11-PM-298x300.jpeg",298,300,true],"medium_large":["https:\/\/bdebibe.com\/wp-content\/uploads\/2024\/03\/WhatsApp-Image-2024-03-02-at-12.40.11-PM-768x773.jpeg",768,773,true],"large":["https:\/\/bdebibe.com\/wp-content\/uploads\/2024\/03\/WhatsApp-Image-2024-03-02-at-12.40.11-PM.jpeg",923,929,false],"1536x1536":["https:\/\/bdebibe.com\/wp-content\/uploads\/2024\/03\/WhatsApp-Image-2024-03-02-at-12.40.11-PM.jpeg",923,929,false],"2048x2048":["https:\/\/bdebibe.com\/wp-content\/uploads\/2024\/03\/WhatsApp-Image-2024-03-02-at-12.40.11-PM.jpeg",923,929,false],"woocommerce_archive_thumbnail":["https:\/\/bdebibe.com\/wp-content\/uploads\/2024\/03\/WhatsApp-Image-2024-03-02-at-12.40.11-PM-500x500.jpeg",500,500,true],"woocommerce_thumbnail":["https:\/\/bdebibe.com\/wp-content\/uploads\/2024\/03\/WhatsApp-Image-2024-03-02-at-12.40.11-PM-300x300.jpeg",300,300,true],"woocommerce_single":["https:\/\/bdebibe.com\/wp-content\/uploads\/2024\/03\/WhatsApp-Image-2024-03-02-at-12.40.11-PM-600x604.jpeg",600,604,true],"woocommerce_gallery_thumbnail":["https:\/\/bdebibe.com\/wp-content\/uploads\/2024\/03\/WhatsApp-Image-2024-03-02-at-12.40.11-PM-100x100.jpeg",100,100,true]},"post_excerpt_stackable":"<p>\u00a1Celebra el amor entre padres e hijos con nuestro nuevo pack de body y camiseta personalizables para el D\u00eda del Padre!<\/p>\n<p>Elige de entre nuestros dise\u00f1os con nombres, mensajes especiales o divertidos dise\u00f1os, o trae tu idea y la haremos realidad.<\/p>\n<p>\u00a1Haz que este d\u00eda sea inolvidable con un regalo que celebra el lazo \u00fanico entre padre e hijo\/a!<\/p>\n","category_list":"","author_info":{"name":"","url":""},"comments_num":"0 comentarios","jetpack_sharing_enabled":true,"_links":{"self":[{"href":"https:\/\/bdebibe.com\/index.php\/wp-json\/wp\/v2\/product\/1285"}],"collection":[{"href":"https:\/\/bdebibe.com\/index.php\/wp-json\/wp\/v2\/product"}],"about":[{"href":"https:\/\/bdebibe.com\/index.php\/wp-json\/wp\/v2\/types\/product"}],"replies":[{"embeddable":true,"href":"https:\/\/bdebibe.com\/index.php\/wp-json\/wp\/v2\/comments?post=1285"}],"wp:featuredmedia":[{"embeddable":true,"href":"https:\/\/bdebibe.com\/index.php\/wp-json\/wp\/v2\/media\/1273"}],"wp:attachment":[{"href":"https:\/\/bdebibe.com\/index.php\/wp-json\/wp\/v2\/media?parent=1285"}],"wp:term":[{"taxonomy":"product_cat","embeddable":true,"href":"https:\/\/bdebibe.com\/index.php\/wp-json\/wp\/v2\/product_cat?post=1285"},{"taxonomy":"product_tag","embeddable":true,"href":"https:\/\/bdebibe.com\/index.php\/wp-json\/wp\/v2\/product_tag?post=1285"}],"curies":[{"name":"wp","href":"https:\/\/api.w.org\/{rel}","templated":true}]}}