{"id":1290,"date":"2024-03-02T19:32:24","date_gmt":"2024-03-02T18:32:24","guid":{"rendered":"https:\/\/bdebibe.com\/?post_type=product&#038;p=1290"},"modified":"2024-03-29T12:55:33","modified_gmt":"2024-03-29T11:55:33","slug":"lampara-personalizada","status":"publish","type":"product","link":"https:\/\/bdebibe.com\/index.php\/producto\/lampara-personalizada\/","title":{"rendered":"L\u00e1mpara personalizada"},"content":{"rendered":"<div class=\"flex-1 overflow-hidden\">\n<div class=\"react-scroll-to-bottom--css-bfmyj-79elbk h-full\">\n<div class=\"react-scroll-to-bottom--css-bfmyj-1n7m0yu\">\n<div class=\"flex flex-col text-sm pb-9\">\n<div class=\"w-full text-token-text-primary\" data-testid=\"conversation-turn-14\">\n<div class=\"px-4 py-2 justify-center text-base md:gap-6 m-auto\">\n<div class=\"flex flex-1 text-base mx-auto gap-3 md:px-5 lg:px-1 xl:px-5 md:max-w-3xl lg:max-w-[40rem] xl:max-w-[48rem] group final-completion\">\n<div class=\"relative flex w-full flex-col agent-turn\">\n<div class=\"flex-col gap-1 md:gap-3\">\n<div class=\"flex flex-grow flex-col max-w-full\">\n<div class=\"min-h-[20px] text-message flex flex-col items-start gap-3 whitespace-pre-wrap break-words [.text-message+&amp;]:mt-5 overflow-x-auto\" data-message-author-role=\"assistant\" data-message-id=\"668346bb-01bf-4e78-8e4c-a9cb9942e061\">\n<div class=\"markdown prose w-full break-words dark:prose-invert light\">\n<p>En el D\u00eda del Padre, queremos ofrecerte una manera \u00fanica y especial de honrar la pasi\u00f3n de pap\u00e1 por el f\u00fatbol. Presentamos nuestra nueva l\u00e1mpara personalizada con los escudos de los equipos de f\u00fatbol, un regalo que combina la emoci\u00f3n del deporte con un toque personalizado que har\u00e1 que pap\u00e1 se sienta verdaderamente especial.<\/p>\n<p>Lo que hace que nuestra l\u00e1mpara sea \u00fanica es la capacidad de personalizaci\u00f3n. Desde los escudos de los equipos de f\u00fatbol m\u00e1s populares hasta los equipos locales o internacionales menos conocidos, tenemos una amplia gama de opciones para que puedas elegir el escudo que mejor represente la pasi\u00f3n de pap\u00e1 por el f\u00fatbol. Adem\u00e1s, puedes agregar un mensaje especial o el nombre de pap\u00e1 para hacerlo a\u00fan m\u00e1s personal.<\/p>\n<p>Fabricada con materiales de alta calidad y dise\u00f1ada con un estilo elegante y moderno, nuestra l\u00e1mpara no solo ilumina la habitaci\u00f3n, sino que tambi\u00e9n agrega un toque de personalidad y estilo a cualquier espacio. La grabaci\u00f3n de los escudos de los equipos se realiza con la m\u00e1xima atenci\u00f3n al detalle, garantizando que cada detalle se capture con precisi\u00f3n y claridad.<\/p>\n<p>La base de la lampara proporciona tres tonalidades de luz, blanca, amarilla y combinada, y adem\u00e1s se puede regular la intensidad de la luz.<\/p>\n<p>Esta l\u00e1mpara no solo es un regalo funcional, sino tambi\u00e9n un s\u00edmbolo del v\u00ednculo \u00fanico entre padre e hijo\/a. Cada vez que pap\u00e1 encienda la l\u00e1mpara para iluminar su espacio favorito, recordar\u00e1 el amor y el apoyo de su familia hacia su pasi\u00f3n por el f\u00fatbol. Es una manera maravillosa de celebrar su amor por el deporte y crear recuerdos duraderos juntos.<\/p>\n<p>Adem\u00e1s de ser el regalo perfecto para el D\u00eda del Padre, nuestra l\u00e1mpara personalizada tambi\u00e9n es ideal para cumplea\u00f1os, aniversarios o cualquier ocasi\u00f3n especial en la que quieras mostrar tu aprecio y amor por pap\u00e1. Es un regalo que ser\u00e1 apreciado y atesorado durante muchos a\u00f1os, record\u00e1ndole a pap\u00e1 el lugar especial que ocupa en el coraz\u00f3n de su familia.<\/p>\n<p>En resumen, nuestra l\u00e1mpara personalizada con los escudos de los equipos de f\u00fatbol es mucho m\u00e1s que un simple accesorio; es una expresi\u00f3n de amor, aprecio y apoyo hacia la pasi\u00f3n de pap\u00e1 por el f\u00fatbol. \u00a1Celebra su amor por el deporte con un regalo que iluminar\u00e1 su coraz\u00f3n y su espacio favorito con estilo y personalidad!<\/p>\n<\/div>\n<\/div>\n<\/div>\n<\/div>\n<\/div>\n<\/div>\n<\/div>\n<\/div>\n<\/div>\n<\/div>\n<\/div>\n<\/div>\n","protected":false},"excerpt":{"rendered":"<p>\u00a1Sorprende a pap\u00e1 con nuestra l\u00e1mpara personalizada con los escudos de su equipo de f\u00fatbol favorito!<\/p>\n<p>El regalo perfecto para el D\u00eda del Padre, esta l\u00e1mpara iluminar\u00e1 su coraz\u00f3n con el esp\u00edritu de su equipo mientras adorna su espacio favorito.<\/p>\n<p>\u00a1Celebra su pasi\u00f3n por el f\u00fatbol con estilo y personalidad!<\/p>\n","protected":false},"featured_media":1698,"comment_status":"open","ping_status":"closed","template":"","meta":[],"product_cat":[112,102],"product_tag":[26,27,103,104,39],"featured_image_urls":{"full":["https:\/\/bdebibe.com\/wp-content\/uploads\/2024\/03\/f493bd12-940f-4b6d-901f-b40da5970e30-copia.png",241,321,false],"thumbnail":["https:\/\/bdebibe.com\/wp-content\/uploads\/2024\/03\/f493bd12-940f-4b6d-901f-b40da5970e30-copia.png",113,150,false],"medium":["https:\/\/bdebibe.com\/wp-content\/uploads\/2024\/03\/f493bd12-940f-4b6d-901f-b40da5970e30-copia.png",225,300,false],"medium_large":["https:\/\/bdebibe.com\/wp-content\/uploads\/2024\/03\/f493bd12-940f-4b6d-901f-b40da5970e30-copia.png",241,321,false],"large":["https:\/\/bdebibe.com\/wp-content\/uploads\/2024\/03\/f493bd12-940f-4b6d-901f-b40da5970e30-copia.png",241,321,false],"1536x1536":["https:\/\/bdebibe.com\/wp-content\/uploads\/2024\/03\/f493bd12-940f-4b6d-901f-b40da5970e30-copia.png",241,321,false],"2048x2048":["https:\/\/bdebibe.com\/wp-content\/uploads\/2024\/03\/f493bd12-940f-4b6d-901f-b40da5970e30-copia.png",241,321,false],"woocommerce_archive_thumbnail":["https:\/\/bdebibe.com\/wp-content\/uploads\/2024\/03\/f493bd12-940f-4b6d-901f-b40da5970e30-copia.png",241,321,false],"woocommerce_thumbnail":["https:\/\/bdebibe.com\/wp-content\/uploads\/2024\/03\/f493bd12-940f-4b6d-901f-b40da5970e30-copia.png",225,300,false],"woocommerce_single":["https:\/\/bdebibe.com\/wp-content\/uploads\/2024\/03\/f493bd12-940f-4b6d-901f-b40da5970e30-copia.png",241,321,false],"woocommerce_gallery_thumbnail":["https:\/\/bdebibe.com\/wp-content\/uploads\/2024\/03\/f493bd12-940f-4b6d-901f-b40da5970e30-copia-100x100.png",100,100,true]},"post_excerpt_stackable":"<p>\u00a1Sorprende a pap\u00e1 con nuestra l\u00e1mpara personalizada con los escudos de su equipo de f\u00fatbol favorito!<\/p>\n<p>El regalo perfecto para el D\u00eda del Padre, esta l\u00e1mpara iluminar\u00e1 su coraz\u00f3n con el esp\u00edritu de su equipo mientras adorna su espacio favorito.<\/p>\n<p>\u00a1Celebra su pasi\u00f3n por el f\u00fatbol con estilo y personalidad!<\/p>\n","category_list":"","author_info":{"name":"","url":""},"comments_num":"0 comentarios","jetpack_sharing_enabled":true,"_links":{"self":[{"href":"https:\/\/bdebibe.com\/index.php\/wp-json\/wp\/v2\/product\/1290"}],"collection":[{"href":"https:\/\/bdebibe.com\/index.php\/wp-json\/wp\/v2\/product"}],"about":[{"href":"https:\/\/bdebibe.com\/index.php\/wp-json\/wp\/v2\/types\/product"}],"replies":[{"embeddable":true,"href":"https:\/\/bdebibe.com\/index.php\/wp-json\/wp\/v2\/comments?post=1290"}],"wp:featuredmedia":[{"embeddable":true,"href":"https:\/\/bdebibe.com\/index.php\/wp-json\/wp\/v2\/media\/1698"}],"wp:attachment":[{"href":"https:\/\/bdebibe.com\/index.php\/wp-json\/wp\/v2\/media?parent=1290"}],"wp:term":[{"taxonomy":"product_cat","embeddable":true,"href":"https:\/\/bdebibe.com\/index.php\/wp-json\/wp\/v2\/product_cat?post=1290"},{"taxonomy":"product_tag","embeddable":true,"href":"https:\/\/bdebibe.com\/index.php\/wp-json\/wp\/v2\/product_tag?post=1290"}],"curies":[{"name":"wp","href":"https:\/\/api.w.org\/{rel}","templated":true}]}}