{"id":1294,"date":"2024-03-03T12:20:15","date_gmt":"2024-03-03T11:20:15","guid":{"rendered":"https:\/\/bdebibe.com\/?post_type=product&#038;p=1294"},"modified":"2024-03-29T12:07:52","modified_gmt":"2024-03-29T11:07:52","slug":"cojin-personalizado","status":"publish","type":"product","link":"https:\/\/bdebibe.com\/index.php\/producto\/cojin-personalizado\/","title":{"rendered":"Coj\u00edn personalizado"},"content":{"rendered":"<p>\u00a1Presentamos nuestro \u00faltimo y m\u00e1s adorable producto para regalar: el coj\u00edn personalizado de tela de peluche!<\/p>\n<p>Este coj\u00edn no solo es suave y mullido para proporcionar el m\u00e1ximo confort, sino que tambi\u00e9n tiene un toque personalizado que lo hace \u00fanico. Con un lado confeccionado en una tela de peluche suave y lujosa en una gama de colores vibrantes, y otro lado dise\u00f1ado para ser completamente personalizado seg\u00fan tus deseos. \u00bfQu\u00e9 mejor manera de hacer que la hora de la siesta sea a\u00fan m\u00e1s especial que con un coj\u00edn que muestra la foto y el texto que elijas? Desde im\u00e1genes familiares hasta fechas especiales o mensajes amorosos, puedes personalizar este coj\u00edn de manera que se adapte perfectamente.<\/p>\n<p>La tela de peluche de alta calidad no solo es suave al tacto, sino que tambi\u00e9n es duradera y f\u00e1cil de limpiar, lo que significa que este coj\u00edn ser\u00e1 un compa\u00f1ero fiel durante muchos a\u00f1os. Adem\u00e1s, el relleno mullido proporciona el soporte necesario un buen descanso.<\/p>\n<p>&nbsp;<\/p>\n","protected":false},"excerpt":{"rendered":"<p>\u00a1Regala nuestro nuevo coj\u00edn personalizado de tela de peluche!<\/p>\n<p>Con un lado suave y acogedor en colores vibrantes y otro lado personalizable con la foto y el texto que elijas, este coj\u00edn ser\u00e1 el compa\u00f1ero perfecto para la hora de la siesta o para jugar.<\/p>\n<p>\u00a1Haz que cada momento sea especial con este adorable coj\u00edn!<\/p>\n","protected":false},"featured_media":1679,"comment_status":"open","ping_status":"closed","template":"","meta":[],"product_cat":[112,102],"product_tag":[26,27,103,104,39],"featured_image_urls":{"full":["https:\/\/bdebibe.com\/wp-content\/uploads\/2024\/03\/20240310_132237-removebg-preview.png",374,398,false],"thumbnail":["https:\/\/bdebibe.com\/wp-content\/uploads\/2024\/03\/20240310_132237-removebg-preview-150x150.png",150,150,true],"medium":["https:\/\/bdebibe.com\/wp-content\/uploads\/2024\/03\/20240310_132237-removebg-preview-282x300.png",282,300,true],"medium_large":["https:\/\/bdebibe.com\/wp-content\/uploads\/2024\/03\/20240310_132237-removebg-preview.png",374,398,false],"large":["https:\/\/bdebibe.com\/wp-content\/uploads\/2024\/03\/20240310_132237-removebg-preview.png",374,398,false],"1536x1536":["https:\/\/bdebibe.com\/wp-content\/uploads\/2024\/03\/20240310_132237-removebg-preview.png",374,398,false],"2048x2048":["https:\/\/bdebibe.com\/wp-content\/uploads\/2024\/03\/20240310_132237-removebg-preview.png",374,398,false],"woocommerce_archive_thumbnail":["https:\/\/bdebibe.com\/wp-content\/uploads\/2024\/03\/20240310_132237-removebg-preview.png",374,398,false],"woocommerce_thumbnail":["https:\/\/bdebibe.com\/wp-content\/uploads\/2024\/03\/20240310_132237-removebg-preview-300x300.png",300,300,true],"woocommerce_single":["https:\/\/bdebibe.com\/wp-content\/uploads\/2024\/03\/20240310_132237-removebg-preview.png",374,398,false],"woocommerce_gallery_thumbnail":["https:\/\/bdebibe.com\/wp-content\/uploads\/2024\/03\/20240310_132237-removebg-preview-100x100.png",100,100,true]},"post_excerpt_stackable":"<p>\u00a1Regala nuestro nuevo coj\u00edn personalizado de tela de peluche!<\/p>\n<p>Con un lado suave y acogedor en colores vibrantes y otro lado personalizable con la foto y el texto que elijas, este coj\u00edn ser\u00e1 el compa\u00f1ero perfecto para la hora de la siesta o para jugar.<\/p>\n<p>\u00a1Haz que cada momento sea especial con este adorable coj\u00edn!<\/p>\n","category_list":"","author_info":{"name":"","url":""},"comments_num":"0 comentarios","jetpack_sharing_enabled":true,"_links":{"self":[{"href":"https:\/\/bdebibe.com\/index.php\/wp-json\/wp\/v2\/product\/1294"}],"collection":[{"href":"https:\/\/bdebibe.com\/index.php\/wp-json\/wp\/v2\/product"}],"about":[{"href":"https:\/\/bdebibe.com\/index.php\/wp-json\/wp\/v2\/types\/product"}],"replies":[{"embeddable":true,"href":"https:\/\/bdebibe.com\/index.php\/wp-json\/wp\/v2\/comments?post=1294"}],"wp:featuredmedia":[{"embeddable":true,"href":"https:\/\/bdebibe.com\/index.php\/wp-json\/wp\/v2\/media\/1679"}],"wp:attachment":[{"href":"https:\/\/bdebibe.com\/index.php\/wp-json\/wp\/v2\/media?parent=1294"}],"wp:term":[{"taxonomy":"product_cat","embeddable":true,"href":"https:\/\/bdebibe.com\/index.php\/wp-json\/wp\/v2\/product_cat?post=1294"},{"taxonomy":"product_tag","embeddable":true,"href":"https:\/\/bdebibe.com\/index.php\/wp-json\/wp\/v2\/product_tag?post=1294"}],"curies":[{"name":"wp","href":"https:\/\/api.w.org\/{rel}","templated":true}]}}