{"id":1386,"date":"2024-03-23T11:00:50","date_gmt":"2024-03-23T10:00:50","guid":{"rendered":"https:\/\/bdebibe.com\/?post_type=product&#038;p=1386"},"modified":"2024-05-20T09:32:19","modified_gmt":"2024-05-20T07:32:19","slug":"cojin-de-viaje-para-el-cuello","status":"publish","type":"product","link":"https:\/\/bdebibe.com\/index.php\/producto\/cojin-de-viaje-para-el-cuello\/","title":{"rendered":"Coj\u00edn de viaje para el cuello"},"content":{"rendered":"<p>Prepara a tu peque\u00f1o para aventuras llenas de comodidad y diversi\u00f3n con nuestro Coj\u00edn de Viaje para Cuello, ahora disponible en una amplia gama de colores y dise\u00f1os encantadores. Este coj\u00edn est\u00e1 dise\u00f1ado para ofrecer un soporte \u00f3ptimo al cuello de tu hijo o hija durante los viajes largos en coche, avi\u00f3n o tren. Relleno con una suave y acogedora espuma, proporciona un apoyo reconfortante que ayuda a mantener una postura c\u00f3moda durante todo el trayecto. Adem\u00e1s, su cubierta de tela suave y transpirable asegura la frescura y la comodidad en todo momento.<\/p>\n<p>Lo mejor de todo es que ahora puedes personalizar este coj\u00edn con el nombre de tu peque\u00f1o aventurero gracias al vinilo textil de alta calidad. Elige entre una variedad de colores y estilos de letra para crear un dise\u00f1o \u00fanico y especial que haga que el coj\u00edn sea a\u00fan m\u00e1s especial para tu hijo o hija, esta opci\u00f3n de personalizaci\u00f3n a\u00f1ade un toque de individualidad y estilo a este pr\u00e1ctico accesorio de viaje.<\/p>\n<p>Compacto y ligero, nuestro Coj\u00edn de Viaje para Cuello es f\u00e1cil de transportar y guardar en la mochila, maleta o bolsa de viaje de tu peque\u00f1o. \u00a1Haz que cada viaje sea m\u00e1s c\u00f3modo y divertido para tu hijo o hija con nuestro coj\u00edn de viaje personalizable!<\/p>\n","protected":false},"excerpt":{"rendered":"<p>\u00a1Viajar c\u00f3modo nunca fue tan divertido con nuestro Coj\u00edn de Viaje para Cuello personalizable!<\/p>\n<p>Disponible en una variedad de colores y dise\u00f1os encantadores, este coj\u00edn brinda soporte y suavidad durante los viajes<\/p>\n<p>. \u00a1Personal\u00edzalo con el nombre de tu peque\u00f1o aventurero para un toque \u00fanico y especial!<\/p>\n<p><strong>*Nombre de la persona indicarlo en al finalizar el pedido en el cuadro de observaciones.\u00a0<\/strong><\/p>\n","protected":false},"featured_media":1370,"comment_status":"open","ping_status":"closed","template":"","meta":[],"product_cat":[116,106],"product_tag":[],"featured_image_urls":{"full":["https:\/\/bdebibe.com\/wp-content\/uploads\/2024\/03\/20240320_112255-scaled.jpg",1441,2560,false],"thumbnail":["https:\/\/bdebibe.com\/wp-content\/uploads\/2024\/03\/20240320_112255-150x150.jpg",150,150,true],"medium":["https:\/\/bdebibe.com\/wp-content\/uploads\/2024\/03\/20240320_112255-169x300.jpg",169,300,true],"medium_large":["https:\/\/bdebibe.com\/wp-content\/uploads\/2024\/03\/20240320_112255-768x1364.jpg",768,1364,true],"large":["https:\/\/bdebibe.com\/wp-content\/uploads\/2024\/03\/20240320_112255-577x1024.jpg",577,1024,true],"1536x1536":["https:\/\/bdebibe.com\/wp-content\/uploads\/2024\/03\/20240320_112255-865x1536.jpg",865,1536,true],"2048x2048":["https:\/\/bdebibe.com\/wp-content\/uploads\/2024\/03\/20240320_112255-1153x2048.jpg",1153,2048,true],"woocommerce_archive_thumbnail":["https:\/\/bdebibe.com\/wp-content\/uploads\/2024\/03\/20240320_112255-500x500.jpg",500,500,true],"woocommerce_thumbnail":["https:\/\/bdebibe.com\/wp-content\/uploads\/2024\/03\/20240320_112255-300x300.jpg",300,300,true],"woocommerce_single":["https:\/\/bdebibe.com\/wp-content\/uploads\/2024\/03\/20240320_112255-600x1066.jpg",600,1066,true],"woocommerce_gallery_thumbnail":["https:\/\/bdebibe.com\/wp-content\/uploads\/2024\/03\/20240320_112255-100x100.jpg",100,100,true]},"post_excerpt_stackable":"<p>\u00a1Viajar c\u00f3modo nunca fue tan divertido con nuestro Coj\u00edn de Viaje para Cuello personalizable!<\/p>\n<p>Disponible en una variedad de colores y dise\u00f1os encantadores, este coj\u00edn brinda soporte y suavidad durante los viajes<\/p>\n<p>. \u00a1Personal\u00edzalo con el nombre de tu peque\u00f1o aventurero para un toque \u00fanico y especial!<\/p>\n<p><strong>*Nombre de la persona indicarlo en al finalizar el pedido en el cuadro de observaciones.\u00a0<\/strong><\/p>\n","category_list":"","author_info":{"name":"","url":""},"comments_num":"0 comentarios","jetpack_sharing_enabled":true,"_links":{"self":[{"href":"https:\/\/bdebibe.com\/index.php\/wp-json\/wp\/v2\/product\/1386"}],"collection":[{"href":"https:\/\/bdebibe.com\/index.php\/wp-json\/wp\/v2\/product"}],"about":[{"href":"https:\/\/bdebibe.com\/index.php\/wp-json\/wp\/v2\/types\/product"}],"replies":[{"embeddable":true,"href":"https:\/\/bdebibe.com\/index.php\/wp-json\/wp\/v2\/comments?post=1386"}],"wp:featuredmedia":[{"embeddable":true,"href":"https:\/\/bdebibe.com\/index.php\/wp-json\/wp\/v2\/media\/1370"}],"wp:attachment":[{"href":"https:\/\/bdebibe.com\/index.php\/wp-json\/wp\/v2\/media?parent=1386"}],"wp:term":[{"taxonomy":"product_cat","embeddable":true,"href":"https:\/\/bdebibe.com\/index.php\/wp-json\/wp\/v2\/product_cat?post=1386"},{"taxonomy":"product_tag","embeddable":true,"href":"https:\/\/bdebibe.com\/index.php\/wp-json\/wp\/v2\/product_tag?post=1386"}],"curies":[{"name":"wp","href":"https:\/\/api.w.org\/{rel}","templated":true}]}}