{"id":1590,"date":"2024-03-23T18:28:38","date_gmt":"2024-03-23T17:28:38","guid":{"rendered":"https:\/\/bdebibe.com\/?post_type=product&#038;p=1590"},"modified":"2024-03-23T19:06:27","modified_gmt":"2024-03-23T18:06:27","slug":"mordedor-de-madera-sin-nombre","status":"publish","type":"product","link":"https:\/\/bdebibe.com\/index.php\/producto\/mordedor-de-madera-sin-nombre\/","title":{"rendered":"Mordedor de madera SIN nombre"},"content":{"rendered":"<p>Nuestro mordedor es m\u00e1s que un accesorio pr\u00e1ctico; es una expresi\u00f3n personalizada de cari\u00f1o para tu beb\u00e9.<\/p>\n<p>&nbsp;<\/p>\n<p>La imaginaci\u00f3n no tiene l\u00edmites, y estamos aqu\u00ed para convertir esas ideas en realidad.<\/p>\n<p>&nbsp;<\/p>\n<p>&nbsp;<\/p>\n<p><strong>INSTRUCCIONES DE PEDIDO:<\/strong><\/p>\n<p>Una vez realizado el pedido con el tipo de chupetero o mordedor elegido, se tendr\u00e1 que poner en contacto con nosotros a trav\u00e9s del n\u00famero de WhatsApp que aparece en la p\u00e1gina web.<br \/>\nEn este momento, nos indicar\u00e1 el nombre, colores de las bolas o en el caso de tem\u00e1tico el tipo que sea.<br \/>\nCon los mordedores se proceder\u00e1 de igual manera.<\/p>\n<p>Se pueden hacer diferentes variaciones en todos nuestros materiales. Por ello si tienes alguna idea y no esta representada aqu\u00ed no dudes en preguntarnos.<\/p>\n<p>&nbsp;<\/p>\n<p><strong>SEGURIDAD<\/strong>:<\/p>\n<p>&nbsp;<\/p>\n<p>Los productos de <strong>madera<\/strong> son de madera natural sin ning\u00fan qu\u00edmico ni t\u00f3xico.<\/p>\n<p>En el caso de que se rompa, alejarlo del\u00a0 bebe, utilizarlo siempre con supervisi\u00f3n.<\/p>\n<p>&nbsp;<\/p>\n<p><strong>Recomendaciones<\/strong>:<\/p>\n<p>Antes del primer uso lavarlo con agua y jab\u00f3n.<\/p>\n<p>Mantenimiento del chupetero o mordedor es sencillo, tan solo es necesario limpiarlo con agua y jab\u00f3n.<\/p>\n<p>Se recomienda sustituirlo a los 6 meses o dependiendo su grado de uso.<\/p>\n<p>Siempre que lo este utilizado importante la supervisi\u00f3n de un adulto, ya que no es un juguete.<\/p>\n","protected":false},"excerpt":{"rendered":"<p>Mordedor\u00a0 de madera de haya seguro. Cumple con normativa EN 71-3.<\/p>\n<p>Se pueden hacer diferentes variaciones en todos nuestros materiales. Por ello si tienes alguna idea y no esta representada aqu\u00ed no dudes en preguntarnos.<\/p>\n<p><strong>Solo es el mordedor suelto.<\/strong><\/p>\n","protected":false},"featured_media":1529,"comment_status":"open","ping_status":"closed","template":"","meta":[],"product_cat":[107],"product_tag":[],"featured_image_urls":{"full":["https:\/\/bdebibe.com\/wp-content\/uploads\/2024\/03\/Photo_1703361690948-scaled.jpg",1920,2560,false],"thumbnail":["https:\/\/bdebibe.com\/wp-content\/uploads\/2024\/03\/Photo_1703361690948-150x150.jpg",150,150,true],"medium":["https:\/\/bdebibe.com\/wp-content\/uploads\/2024\/03\/Photo_1703361690948-225x300.jpg",225,300,true],"medium_large":["https:\/\/bdebibe.com\/wp-content\/uploads\/2024\/03\/Photo_1703361690948-768x1024.jpg",768,1024,true],"large":["https:\/\/bdebibe.com\/wp-content\/uploads\/2024\/03\/Photo_1703361690948-768x1024.jpg",768,1024,true],"1536x1536":["https:\/\/bdebibe.com\/wp-content\/uploads\/2024\/03\/Photo_1703361690948-1152x1536.jpg",1152,1536,true],"2048x2048":["https:\/\/bdebibe.com\/wp-content\/uploads\/2024\/03\/Photo_1703361690948-1536x2048.jpg",1536,2048,true],"woocommerce_archive_thumbnail":["https:\/\/bdebibe.com\/wp-content\/uploads\/2024\/03\/Photo_1703361690948-500x500.jpg",500,500,true],"woocommerce_thumbnail":["https:\/\/bdebibe.com\/wp-content\/uploads\/2024\/03\/Photo_1703361690948-300x300.jpg",300,300,true],"woocommerce_single":["https:\/\/bdebibe.com\/wp-content\/uploads\/2024\/03\/Photo_1703361690948-600x800.jpg",600,800,true],"woocommerce_gallery_thumbnail":["https:\/\/bdebibe.com\/wp-content\/uploads\/2024\/03\/Photo_1703361690948-100x100.jpg",100,100,true]},"post_excerpt_stackable":"<p>Mordedor\u00a0 de madera de haya seguro. Cumple con normativa EN 71-3.<\/p>\n<p>Se pueden hacer diferentes variaciones en todos nuestros materiales. Por ello si tienes alguna idea y no esta representada aqu\u00ed no dudes en preguntarnos.<\/p>\n<p><strong>Solo es el mordedor suelto.<\/strong><\/p>\n","category_list":"","author_info":{"name":"","url":""},"comments_num":"0 comentarios","jetpack_sharing_enabled":true,"_links":{"self":[{"href":"https:\/\/bdebibe.com\/index.php\/wp-json\/wp\/v2\/product\/1590"}],"collection":[{"href":"https:\/\/bdebibe.com\/index.php\/wp-json\/wp\/v2\/product"}],"about":[{"href":"https:\/\/bdebibe.com\/index.php\/wp-json\/wp\/v2\/types\/product"}],"replies":[{"embeddable":true,"href":"https:\/\/bdebibe.com\/index.php\/wp-json\/wp\/v2\/comments?post=1590"}],"wp:featuredmedia":[{"embeddable":true,"href":"https:\/\/bdebibe.com\/index.php\/wp-json\/wp\/v2\/media\/1529"}],"wp:attachment":[{"href":"https:\/\/bdebibe.com\/index.php\/wp-json\/wp\/v2\/media?parent=1590"}],"wp:term":[{"taxonomy":"product_cat","embeddable":true,"href":"https:\/\/bdebibe.com\/index.php\/wp-json\/wp\/v2\/product_cat?post=1590"},{"taxonomy":"product_tag","embeddable":true,"href":"https:\/\/bdebibe.com\/index.php\/wp-json\/wp\/v2\/product_tag?post=1590"}],"curies":[{"name":"wp","href":"https:\/\/api.w.org\/{rel}","templated":true}]}}