{"id":1611,"date":"2024-03-23T18:36:29","date_gmt":"2024-03-23T17:36:29","guid":{"rendered":"https:\/\/bdebibe.com\/?post_type=product&#038;p=1611"},"modified":"2024-03-23T19:05:51","modified_gmt":"2024-03-23T18:05:51","slug":"mordedor-de-silicona-sin-nombre","status":"publish","type":"product","link":"https:\/\/bdebibe.com\/index.php\/producto\/mordedor-de-silicona-sin-nombre\/","title":{"rendered":"Mordedor de silicona SIN nombre"},"content":{"rendered":"<p>Nuestro mordedor esta Fabricado con silicona 100% segura y cumpliendo con la normativa EN 71-3, garantizamos la calidad y seguridad para el bienestar de tu peque\u00f1o.<\/p>\n<p>&nbsp;<\/p>\n<p>La imaginaci\u00f3n no tiene l\u00edmites, y estamos aqu\u00ed para convertir esas ideas en realidad.<\/p>\n<p>Si surge alguna duda sobre combinaciones, o si tienes una idea especial en mente, nuestro equipo est\u00e1 disponible para ayudarte. Queremos que este mordedor no solo sea pr\u00e1ctico sino tambi\u00e9n un recordatorio personalizado de momentos especiales y gustos \u00fanicos. Cont\u00e1ctanos para crear algo verdaderamente \u00fanico para tu peque\u00f1o.<\/p>\n<p>&nbsp;<\/p>\n<p>&nbsp;<\/p>\n<p><strong>INSTRUCCIONES DE PEDIDO:<\/strong><\/p>\n<p>Se pueden hacer diferentes variaciones en todos nuestros materiales. Por ello si tienes alguna idea y no esta representada aqu\u00ed no dudes en preguntarnos.<\/p>\n<p>&nbsp;<\/p>\n<p><strong>SEGURIDAD<\/strong>:<\/p>\n<p>Los productos hechos de <strong>silicona<\/strong> son libre de BPA y de otros agentes nocivos (PVC, nitrosamina, cadmio&#8230;), cumplen con la normativa EN 71-3 y es silicona alimentaria.<\/p>\n<p>En el caso de que se rompa, alejarlo del\u00a0 bebe, utilizarlo siempre con supervisi\u00f3n.<\/p>\n<p>&nbsp;<\/p>\n<p><strong>Recomendaciones<\/strong>:<\/p>\n<p>Antes del primer uso lavarlo con agua y jab\u00f3n.<\/p>\n<p>Mantenimiento del chupetero o mordedor es sencillo, tan solo es necesario limpiarlo con agua y jab\u00f3n.<\/p>\n<p>Se recomienda sustituirlo a los 6 meses o dependiendo su grado de uso.<\/p>\n<p>Siempre que lo este utilizado importante la supervisi\u00f3n de un adulto, ya que no es un juguete.<\/p>\n","protected":false},"excerpt":{"rendered":"<p>Mordedor seguro y personalizable al 100% de silicona. Cumple con normativa EN 71-3.<\/p>\n<p>Se pueden hacer diferentes variaciones en todos nuestros materiales. Por ello si tienes alguna idea y no esta representada aqu\u00ed no dudes en preguntarnos.<\/p>\n<p><strong>Solo es el mordedor suelto, sin el nombre.<\/strong><\/p>\n","protected":false},"featured_media":1586,"comment_status":"open","ping_status":"closed","template":"","meta":[],"product_cat":[107],"product_tag":[],"featured_image_urls":{"full":["https:\/\/bdebibe.com\/wp-content\/uploads\/2024\/03\/WhatsApp-Image-2024-03-23-at-6.08.31-PM.jpeg",1200,1600,false],"thumbnail":["https:\/\/bdebibe.com\/wp-content\/uploads\/2024\/03\/WhatsApp-Image-2024-03-23-at-6.08.31-PM-150x150.jpeg",150,150,true],"medium":["https:\/\/bdebibe.com\/wp-content\/uploads\/2024\/03\/WhatsApp-Image-2024-03-23-at-6.08.31-PM-225x300.jpeg",225,300,true],"medium_large":["https:\/\/bdebibe.com\/wp-content\/uploads\/2024\/03\/WhatsApp-Image-2024-03-23-at-6.08.31-PM-768x1024.jpeg",768,1024,true],"large":["https:\/\/bdebibe.com\/wp-content\/uploads\/2024\/03\/WhatsApp-Image-2024-03-23-at-6.08.31-PM-768x1024.jpeg",768,1024,true],"1536x1536":["https:\/\/bdebibe.com\/wp-content\/uploads\/2024\/03\/WhatsApp-Image-2024-03-23-at-6.08.31-PM-1152x1536.jpeg",1152,1536,true],"2048x2048":["https:\/\/bdebibe.com\/wp-content\/uploads\/2024\/03\/WhatsApp-Image-2024-03-23-at-6.08.31-PM.jpeg",1200,1600,false],"woocommerce_archive_thumbnail":["https:\/\/bdebibe.com\/wp-content\/uploads\/2024\/03\/WhatsApp-Image-2024-03-23-at-6.08.31-PM-500x500.jpeg",500,500,true],"woocommerce_thumbnail":["https:\/\/bdebibe.com\/wp-content\/uploads\/2024\/03\/WhatsApp-Image-2024-03-23-at-6.08.31-PM-300x300.jpeg",300,300,true],"woocommerce_single":["https:\/\/bdebibe.com\/wp-content\/uploads\/2024\/03\/WhatsApp-Image-2024-03-23-at-6.08.31-PM-600x800.jpeg",600,800,true],"woocommerce_gallery_thumbnail":["https:\/\/bdebibe.com\/wp-content\/uploads\/2024\/03\/WhatsApp-Image-2024-03-23-at-6.08.31-PM-100x100.jpeg",100,100,true]},"post_excerpt_stackable":"<p>Mordedor seguro y personalizable al 100% de silicona. Cumple con normativa EN 71-3.<\/p>\n<p>Se pueden hacer diferentes variaciones en todos nuestros materiales. Por ello si tienes alguna idea y no esta representada aqu\u00ed no dudes en preguntarnos.<\/p>\n<p><strong>Solo es el mordedor suelto, sin el nombre.<\/strong><\/p>\n","category_list":"","author_info":{"name":"","url":""},"comments_num":"0 comentarios","jetpack_sharing_enabled":true,"_links":{"self":[{"href":"https:\/\/bdebibe.com\/index.php\/wp-json\/wp\/v2\/product\/1611"}],"collection":[{"href":"https:\/\/bdebibe.com\/index.php\/wp-json\/wp\/v2\/product"}],"about":[{"href":"https:\/\/bdebibe.com\/index.php\/wp-json\/wp\/v2\/types\/product"}],"replies":[{"embeddable":true,"href":"https:\/\/bdebibe.com\/index.php\/wp-json\/wp\/v2\/comments?post=1611"}],"wp:featuredmedia":[{"embeddable":true,"href":"https:\/\/bdebibe.com\/index.php\/wp-json\/wp\/v2\/media\/1586"}],"wp:attachment":[{"href":"https:\/\/bdebibe.com\/index.php\/wp-json\/wp\/v2\/media?parent=1611"}],"wp:term":[{"taxonomy":"product_cat","embeddable":true,"href":"https:\/\/bdebibe.com\/index.php\/wp-json\/wp\/v2\/product_cat?post=1611"},{"taxonomy":"product_tag","embeddable":true,"href":"https:\/\/bdebibe.com\/index.php\/wp-json\/wp\/v2\/product_tag?post=1611"}],"curies":[{"name":"wp","href":"https:\/\/api.w.org\/{rel}","templated":true}]}}