{"id":1848,"date":"2024-05-20T09:23:54","date_gmt":"2024-05-20T07:23:54","guid":{"rendered":"https:\/\/bdebibe.com\/?post_type=product&#038;p=1848"},"modified":"2024-05-20T09:23:54","modified_gmt":"2024-05-20T07:23:54","slug":"botella-con-pajita","status":"publish","type":"product","link":"https:\/\/bdebibe.com\/index.php\/producto\/botella-con-pajita\/","title":{"rendered":"Botella con pajita"},"content":{"rendered":"<div class=\"flex flex-grow flex-col max-w-full\">\n<div class=\"min-h-[20px] text-message flex flex-col items-start whitespace-pre-wrap break-words [.text-message+&amp;]:mt-5 juice:w-full juice:items-end overflow-x-auto gap-2\" dir=\"auto\" data-message-author-role=\"assistant\" data-message-id=\"6299a937-0f72-467e-9998-4a4ce29e2765\">\n<div class=\"flex w-full flex-col gap-1 juice:empty:hidden juice:first:pt-[3px]\">\n<div class=\"markdown prose w-full break-words dark:prose-invert light\">\n<p>Descubre la combinaci\u00f3n perfecta de funcionalidad y personalizaci\u00f3n con nuestra botella con pajita de silicona blanda, dise\u00f1ada especialmente para los m\u00e1s peque\u00f1os. Disponible en tres encantadores colores &#8211; verde, azul y rosa &#8211; esta botella de 250 ml es el accesorio ideal para mantener hidratado a tu peque\u00f1o de manera segura y c\u00f3moda.<\/p>\n<p>La pajita de silicona blanda es perfecta para las delicadas enc\u00edas de tu peque\u00f1o, ofreciendo una experiencia de bebida suave y sin riesgos. Adem\u00e1s, la botella cuenta con un pr\u00e1ctico medidor en la parte trasera, permiti\u00e9ndote llevar un control preciso de la cantidad de l\u00edquido que consume tu peque\u00f1o, asegurando as\u00ed una correcta hidrataci\u00f3n diaria.<\/p>\n<p>Para agregar un toque especial y evitar confusiones, personalizamos cada botella con el nombre de tu peque\u00f1o usando vinilo permanente de alta calidad. Esto no solo a\u00f1ade un elemento encantador, sino que tambi\u00e9n ayuda a evitar p\u00e9rdidas y mezclas en guarder\u00edas o parques.<\/p>\n<p>Con un dise\u00f1o ergon\u00f3mico que se adapta f\u00e1cilmente a las peque\u00f1as manos de los ni\u00f1os, esta botella es tanto pr\u00e1ctica como segura. \u00a1Haz que la hidrataci\u00f3n sea divertida y personalizada con nuestra encantadora botella con pajita de silicona!<\/p>\n<\/div>\n<\/div>\n<\/div>\n<\/div>\n<div class=\"mt-1 flex gap-3 empty:hidden juice:-ml-3\">\n<div class=\"items-center justify-start rounded-xl p-1 flex\">\n<div class=\"flex items-center\">\n<div class=\"flex items-center pb-0.5 juice:pb-0\"><\/div>\n<\/div>\n<\/div>\n<\/div>\n","protected":false},"excerpt":{"rendered":"<p>Presentamos nuestra pr\u00e1ctica y adorable botella con pajita de silicona blanda. Disponible en verde, azul y rosa, esta botella de 250 ml incluye un medidor y se personaliza con el nombre de tu peque\u00f1o para mayor seguridad.<\/p>\n<p>\u00a1La compa\u00f1era ideal para mantener hidratado a tu beb\u00e9 en todo momento!<\/p>\n","protected":false},"featured_media":1852,"comment_status":"open","ping_status":"closed","template":"","meta":[],"product_cat":[116,106],"product_tag":[],"featured_image_urls":{"full":["https:\/\/bdebibe.com\/wp-content\/uploads\/2024\/05\/WhatsApp-Image-2024-05-19-at-17.01.10-5.jpeg",1126,2000,false],"thumbnail":["https:\/\/bdebibe.com\/wp-content\/uploads\/2024\/05\/WhatsApp-Image-2024-05-19-at-17.01.10-5-150x150.jpeg",150,150,true],"medium":["https:\/\/bdebibe.com\/wp-content\/uploads\/2024\/05\/WhatsApp-Image-2024-05-19-at-17.01.10-5-169x300.jpeg",169,300,true],"medium_large":["https:\/\/bdebibe.com\/wp-content\/uploads\/2024\/05\/WhatsApp-Image-2024-05-19-at-17.01.10-5-768x1364.jpeg",768,1364,true],"large":["https:\/\/bdebibe.com\/wp-content\/uploads\/2024\/05\/WhatsApp-Image-2024-05-19-at-17.01.10-5-577x1024.jpeg",577,1024,true],"1536x1536":["https:\/\/bdebibe.com\/wp-content\/uploads\/2024\/05\/WhatsApp-Image-2024-05-19-at-17.01.10-5-865x1536.jpeg",865,1536,true],"2048x2048":["https:\/\/bdebibe.com\/wp-content\/uploads\/2024\/05\/WhatsApp-Image-2024-05-19-at-17.01.10-5.jpeg",1126,2000,false],"woocommerce_archive_thumbnail":["https:\/\/bdebibe.com\/wp-content\/uploads\/2024\/05\/WhatsApp-Image-2024-05-19-at-17.01.10-5-500x500.jpeg",500,500,true],"woocommerce_thumbnail":["https:\/\/bdebibe.com\/wp-content\/uploads\/2024\/05\/WhatsApp-Image-2024-05-19-at-17.01.10-5-300x300.jpeg",300,300,true],"woocommerce_single":["https:\/\/bdebibe.com\/wp-content\/uploads\/2024\/05\/WhatsApp-Image-2024-05-19-at-17.01.10-5-600x1066.jpeg",600,1066,true],"woocommerce_gallery_thumbnail":["https:\/\/bdebibe.com\/wp-content\/uploads\/2024\/05\/WhatsApp-Image-2024-05-19-at-17.01.10-5-100x100.jpeg",100,100,true]},"post_excerpt_stackable":"<p>Presentamos nuestra pr\u00e1ctica y adorable botella con pajita de silicona blanda. Disponible en verde, azul y rosa, esta botella de 250 ml incluye un medidor y se personaliza con el nombre de tu peque\u00f1o para mayor seguridad.<\/p>\n<p>\u00a1La compa\u00f1era ideal para mantener hidratado a tu beb\u00e9 en todo momento!<\/p>\n","category_list":"","author_info":{"name":"","url":""},"comments_num":"0 comentarios","jetpack_sharing_enabled":true,"_links":{"self":[{"href":"https:\/\/bdebibe.com\/index.php\/wp-json\/wp\/v2\/product\/1848"}],"collection":[{"href":"https:\/\/bdebibe.com\/index.php\/wp-json\/wp\/v2\/product"}],"about":[{"href":"https:\/\/bdebibe.com\/index.php\/wp-json\/wp\/v2\/types\/product"}],"replies":[{"embeddable":true,"href":"https:\/\/bdebibe.com\/index.php\/wp-json\/wp\/v2\/comments?post=1848"}],"wp:featuredmedia":[{"embeddable":true,"href":"https:\/\/bdebibe.com\/index.php\/wp-json\/wp\/v2\/media\/1852"}],"wp:attachment":[{"href":"https:\/\/bdebibe.com\/index.php\/wp-json\/wp\/v2\/media?parent=1848"}],"wp:term":[{"taxonomy":"product_cat","embeddable":true,"href":"https:\/\/bdebibe.com\/index.php\/wp-json\/wp\/v2\/product_cat?post=1848"},{"taxonomy":"product_tag","embeddable":true,"href":"https:\/\/bdebibe.com\/index.php\/wp-json\/wp\/v2\/product_tag?post=1848"}],"curies":[{"name":"wp","href":"https:\/\/api.w.org\/{rel}","templated":true}]}}