{"id":1870,"date":"2024-05-20T09:30:38","date_gmt":"2024-05-20T07:30:38","guid":{"rendered":"https:\/\/bdebibe.com\/?post_type=product&#038;p=1870"},"modified":"2024-05-20T09:30:39","modified_gmt":"2024-05-20T07:30:39","slug":"caja-de-ordenacion","status":"publish","type":"product","link":"https:\/\/bdebibe.com\/index.php\/producto\/caja-de-ordenacion\/","title":{"rendered":"Caja de ordenaci\u00f3n"},"content":{"rendered":"<div class=\"flex flex-grow flex-col max-w-full\">\n<div class=\"min-h-[20px] text-message flex flex-col items-start whitespace-pre-wrap break-words [.text-message+&amp;]:mt-5 juice:w-full juice:items-end overflow-x-auto gap-2\" dir=\"auto\" data-message-author-role=\"assistant\" data-message-id=\"4a2e3cee-9bf0-49a6-8e70-91900444faa6\">\n<div class=\"flex w-full flex-col gap-1 juice:empty:hidden juice:first:pt-[3px]\">\n<div class=\"markdown prose w-full break-words dark:prose-invert light\">\n<p>Descubre la soluci\u00f3n ideal para mantener el cuarto de tu peque\u00f1o ordenado y lleno de encanto con nuestras cajas de ordenaci\u00f3n, elaboradas 100% en madera de alta calidad. Estas cajas no solo ofrecen un espacio pr\u00e1ctico para almacenar juguetes, sino que tambi\u00e9n a\u00f1aden un toque personalizado y elegante a cualquier habitaci\u00f3n infantil.<\/p>\n<p>Cada caja se puede personalizar con el nombre de tu peque\u00f1o, utilizando letras de madera cuidadosamente colocadas, haciendo que cada unidad sea \u00fanica y especial. Disponibles en una variedad de colores suaves y agradables &#8211; rosa, azul, melocot\u00f3n, blanco roto y madera natural &#8211; estas cajas se integran perfectamente en cualquier decoraci\u00f3n, a\u00f1adiendo un toque de estilo y calidez.<\/p>\n<p>Con unas medidas de 36x18x26 cm, nuestras cajas ofrecen el tama\u00f1o perfecto para almacenar una amplia gama de juguetes y art\u00edculos esenciales, ayudando a mantener el espacio de tu peque\u00f1o limpio y organizado. La construcci\u00f3n robusta de madera garantiza durabilidad y resistencia, asegurando que estas cajas sean una adici\u00f3n valiosa y duradera a tu hogar.<\/p>\n<p>Adem\u00e1s de ser pr\u00e1cticas, estas cajas de ordenaci\u00f3n personalizables fomentan la organizaci\u00f3n desde una edad temprana, haciendo que el mantenimiento del orden sea una actividad divertida y significativa. \u00a1Elige nuestras cajas de ordenaci\u00f3n para una soluci\u00f3n de almacenamiento que combina funcionalidad, personalizaci\u00f3n y estilo!<\/p>\n<\/div>\n<\/div>\n<\/div>\n<\/div>\n","protected":false},"excerpt":{"rendered":"<p>Mant\u00e9n los juguetes de tu peque\u00f1o ordenados con estilo gracias a nuestras cajas de ordenaci\u00f3n 100% de madera de alta calidad. Personalizables con el nombre de tu peque\u00f1o en letras de madera, y disponibles en colores rosa, azul, melocot\u00f3n, blanco roto y madera natural. Medidas: 36x18x26 cm.<\/p>\n<p>\u00a1La soluci\u00f3n perfecta para un espacio organizado y encantador!<\/p>\n","protected":false},"featured_media":1878,"comment_status":"open","ping_status":"closed","template":"","meta":[],"product_cat":[113,81],"product_tag":[],"featured_image_urls":{"full":["https:\/\/bdebibe.com\/wp-content\/uploads\/2024\/05\/WhatsApp-Image-2024-05-19-at-17.01.08.jpeg",1126,2000,false],"thumbnail":["https:\/\/bdebibe.com\/wp-content\/uploads\/2024\/05\/WhatsApp-Image-2024-05-19-at-17.01.08-150x150.jpeg",150,150,true],"medium":["https:\/\/bdebibe.com\/wp-content\/uploads\/2024\/05\/WhatsApp-Image-2024-05-19-at-17.01.08-169x300.jpeg",169,300,true],"medium_large":["https:\/\/bdebibe.com\/wp-content\/uploads\/2024\/05\/WhatsApp-Image-2024-05-19-at-17.01.08-768x1364.jpeg",768,1364,true],"large":["https:\/\/bdebibe.com\/wp-content\/uploads\/2024\/05\/WhatsApp-Image-2024-05-19-at-17.01.08-577x1024.jpeg",577,1024,true],"1536x1536":["https:\/\/bdebibe.com\/wp-content\/uploads\/2024\/05\/WhatsApp-Image-2024-05-19-at-17.01.08-865x1536.jpeg",865,1536,true],"2048x2048":["https:\/\/bdebibe.com\/wp-content\/uploads\/2024\/05\/WhatsApp-Image-2024-05-19-at-17.01.08.jpeg",1126,2000,false],"woocommerce_archive_thumbnail":["https:\/\/bdebibe.com\/wp-content\/uploads\/2024\/05\/WhatsApp-Image-2024-05-19-at-17.01.08-500x500.jpeg",500,500,true],"woocommerce_thumbnail":["https:\/\/bdebibe.com\/wp-content\/uploads\/2024\/05\/WhatsApp-Image-2024-05-19-at-17.01.08-300x300.jpeg",300,300,true],"woocommerce_single":["https:\/\/bdebibe.com\/wp-content\/uploads\/2024\/05\/WhatsApp-Image-2024-05-19-at-17.01.08-600x1066.jpeg",600,1066,true],"woocommerce_gallery_thumbnail":["https:\/\/bdebibe.com\/wp-content\/uploads\/2024\/05\/WhatsApp-Image-2024-05-19-at-17.01.08-100x100.jpeg",100,100,true]},"post_excerpt_stackable":"<p>Mant\u00e9n los juguetes de tu peque\u00f1o ordenados con estilo gracias a nuestras cajas de ordenaci\u00f3n 100% de madera de alta calidad. Personalizables con el nombre de tu peque\u00f1o en letras de madera, y disponibles en colores rosa, azul, melocot\u00f3n, blanco roto y madera natural. Medidas: 36x18x26 cm.<\/p>\n<p>\u00a1La soluci\u00f3n perfecta para un espacio organizado y encantador!<\/p>\n","category_list":"","author_info":{"name":"","url":""},"comments_num":"0 comentarios","jetpack_sharing_enabled":true,"_links":{"self":[{"href":"https:\/\/bdebibe.com\/index.php\/wp-json\/wp\/v2\/product\/1870"}],"collection":[{"href":"https:\/\/bdebibe.com\/index.php\/wp-json\/wp\/v2\/product"}],"about":[{"href":"https:\/\/bdebibe.com\/index.php\/wp-json\/wp\/v2\/types\/product"}],"replies":[{"embeddable":true,"href":"https:\/\/bdebibe.com\/index.php\/wp-json\/wp\/v2\/comments?post=1870"}],"wp:featuredmedia":[{"embeddable":true,"href":"https:\/\/bdebibe.com\/index.php\/wp-json\/wp\/v2\/media\/1878"}],"wp:attachment":[{"href":"https:\/\/bdebibe.com\/index.php\/wp-json\/wp\/v2\/media?parent=1870"}],"wp:term":[{"taxonomy":"product_cat","embeddable":true,"href":"https:\/\/bdebibe.com\/index.php\/wp-json\/wp\/v2\/product_cat?post=1870"},{"taxonomy":"product_tag","embeddable":true,"href":"https:\/\/bdebibe.com\/index.php\/wp-json\/wp\/v2\/product_tag?post=1870"}],"curies":[{"name":"wp","href":"https:\/\/api.w.org\/{rel}","templated":true}]}}