{"id":2008,"date":"2024-11-17T15:26:28","date_gmt":"2024-11-17T14:26:28","guid":{"rendered":"https:\/\/bdebibe.com\/?post_type=product&#038;p=2008"},"modified":"2024-11-17T15:26:28","modified_gmt":"2024-11-17T14:26:28","slug":"carta-de-navidad","status":"publish","type":"product","link":"https:\/\/bdebibe.com\/index.php\/producto\/carta-de-navidad\/","title":{"rendered":"Carta de navidad"},"content":{"rendered":"<div class=\"flex max-w-full flex-col flex-grow\">\n<div class=\"min-h-8 text-message flex w-full flex-col items-end gap-2 whitespace-normal break-words [.text-message+&amp;]:mt-5\" dir=\"auto\" data-message-author-role=\"assistant\" data-message-id=\"27cbc094-ba34-4e7c-b4b4-f31a148e1d85\" data-message-model-slug=\"gpt-4o-mini\">\n<div class=\"flex w-full flex-col gap-1 empty:hidden first:pt-[3px]\">\n<div class=\"markdown prose w-full break-words dark:prose-invert light\">\n<p>Haz que tus deseos navide\u00f1os sean a\u00fan m\u00e1s especiales con nuestra carta de madera personalizada para Pap\u00e1 Noel o los Reyes Magos. Este encantador detalle, grabado con precisi\u00f3n l\u00e1ser con el nombre de quien desees, ofrece un toque r\u00fastico y elegante que hace que la magia de las fiestas cobre vida.<\/p>\n<p>Perfecta para los m\u00e1s peque\u00f1os de la casa o como una tradici\u00f3n familiar, esta carta de madera se convierte en un regalo memorable y \u00fanico. \u00a1Haz de tu Navidad un recuerdo inolvidable con esta carta tan especial!<\/p>\n<\/div>\n<\/div>\n<\/div>\n<\/div>\n","protected":false},"excerpt":{"rendered":"<p>Haz m\u00e1s m\u00e1gica la Navidad con nuestra carta personalizada para Pap\u00e1 Noel o los Reyes Magos. Hecha de madera y grabada con el nombre que elijas, un detalle \u00fanico para estas fiestas.<\/p>\n<p>&nbsp;<\/p>\n","protected":false},"featured_media":2009,"comment_status":"open","ping_status":"closed","template":"","meta":[],"product_cat":[53],"product_tag":[],"featured_image_urls":{"full":["https:\/\/bdebibe.com\/wp-content\/uploads\/2024\/11\/Captura-2.jpg",536,519,false],"thumbnail":["https:\/\/bdebibe.com\/wp-content\/uploads\/2024\/11\/Captura-2-150x150.jpg",150,150,true],"medium":["https:\/\/bdebibe.com\/wp-content\/uploads\/2024\/11\/Captura-2-300x290.jpg",300,290,true],"medium_large":["https:\/\/bdebibe.com\/wp-content\/uploads\/2024\/11\/Captura-2.jpg",536,519,false],"large":["https:\/\/bdebibe.com\/wp-content\/uploads\/2024\/11\/Captura-2.jpg",536,519,false],"1536x1536":["https:\/\/bdebibe.com\/wp-content\/uploads\/2024\/11\/Captura-2.jpg",536,519,false],"2048x2048":["https:\/\/bdebibe.com\/wp-content\/uploads\/2024\/11\/Captura-2.jpg",536,519,false],"woocommerce_archive_thumbnail":["https:\/\/bdebibe.com\/wp-content\/uploads\/2024\/11\/Captura-2-500x500.jpg",500,500,true],"woocommerce_thumbnail":["https:\/\/bdebibe.com\/wp-content\/uploads\/2024\/11\/Captura-2-300x300.jpg",300,300,true],"woocommerce_single":["https:\/\/bdebibe.com\/wp-content\/uploads\/2024\/11\/Captura-2.jpg",536,519,false],"woocommerce_gallery_thumbnail":["https:\/\/bdebibe.com\/wp-content\/uploads\/2024\/11\/Captura-2-100x100.jpg",100,100,true]},"post_excerpt_stackable":"<p>Haz m\u00e1s m\u00e1gica la Navidad con nuestra carta personalizada para Pap\u00e1 Noel o los Reyes Magos. Hecha de madera y grabada con el nombre que elijas, un detalle \u00fanico para estas fiestas.<\/p>\n<p>&nbsp;<\/p>\n","category_list":"","author_info":{"name":"","url":""},"comments_num":"0 comentarios","jetpack_sharing_enabled":true,"_links":{"self":[{"href":"https:\/\/bdebibe.com\/index.php\/wp-json\/wp\/v2\/product\/2008"}],"collection":[{"href":"https:\/\/bdebibe.com\/index.php\/wp-json\/wp\/v2\/product"}],"about":[{"href":"https:\/\/bdebibe.com\/index.php\/wp-json\/wp\/v2\/types\/product"}],"replies":[{"embeddable":true,"href":"https:\/\/bdebibe.com\/index.php\/wp-json\/wp\/v2\/comments?post=2008"}],"wp:featuredmedia":[{"embeddable":true,"href":"https:\/\/bdebibe.com\/index.php\/wp-json\/wp\/v2\/media\/2009"}],"wp:attachment":[{"href":"https:\/\/bdebibe.com\/index.php\/wp-json\/wp\/v2\/media?parent=2008"}],"wp:term":[{"taxonomy":"product_cat","embeddable":true,"href":"https:\/\/bdebibe.com\/index.php\/wp-json\/wp\/v2\/product_cat?post=2008"},{"taxonomy":"product_tag","embeddable":true,"href":"https:\/\/bdebibe.com\/index.php\/wp-json\/wp\/v2\/product_tag?post=2008"}],"curies":[{"name":"wp","href":"https:\/\/api.w.org\/{rel}","templated":true}]}}