{"id":574,"date":"2023-12-07T11:01:08","date_gmt":"2023-12-07T10:01:08","guid":{"rendered":"https:\/\/bdebibe.com\/?post_type=product&#038;p=574"},"modified":"2023-12-24T12:18:53","modified_gmt":"2023-12-24T11:18:53","slug":"cumple-meses-con-metacrilato","status":"publish","type":"product","link":"https:\/\/bdebibe.com\/index.php\/producto\/cumple-meses-con-metacrilato\/","title":{"rendered":"Cumple Meses con metacrilato"},"content":{"rendered":"<p>\u00bfQu\u00e9 mejor recuerdo que las fotos? Y adem\u00e1s, \u00bfsi celebramos todos los meses hasta su primer a\u00f1o? Uniendo estos dos elementos obtenemos los Cumple Meses.<\/p>\n<p>Rodajas de madera de 5 cms de grosor, material de calidad que har\u00e1 no se da\u00f1e.<\/p>\n<p>Todas las rodajas est\u00e1n grabas\u00a0 con laser y el n\u00famero para que destaque m\u00e1s y se vea mejor en las fotograf\u00edas son de metacrilato de diferentes colores. Todo ello estar\u00e1 en una bolsita de presentaci\u00f3n para que est\u00e9n ordenadas y no se pierdan.<\/p>\n<p><strong>Material y contenido en el paquete.<\/strong><\/p>\n<p>Madera contrachapado de 5cm de grosor y 11 cm de ancho.<\/p>\n<p>Metacrilato de colores.<\/p>\n<p>Bolsa de presentaci\u00f3n con inicial serigrafiado.<\/p>\n<p>&nbsp;<\/p>\n<p><strong>AVISO<\/strong>: Este producto contiene madera, por ello todas las rodajas pueden que no sean iguales, ya que el material con el que trabajamos es natural y puede que haya alguna modificaci\u00f3n que no sea trascendente para la imagen del producto.<\/p>\n","protected":false},"excerpt":{"rendered":"<p>Estos fant\u00e1sticos Cumple Meses har\u00e1n que cada mes sea una aut\u00e9ntica fiesta. Totalmente personalizables con el nombre de t\u00fa peque\u00f1o para que sea \u00fanico.<\/p>\n<p>Hechos de madera y metacrilato y presentado con una bolsita serigrafiado con su inicial.<\/p>\n","protected":false},"featured_media":665,"comment_status":"open","ping_status":"closed","template":"","meta":[],"product_cat":[23],"product_tag":[26,25,24,27],"featured_image_urls":{"full":["https:\/\/bdebibe.com\/wp-content\/uploads\/2023\/12\/Photo_1702070306103-scaled.jpg",2560,1920,false],"thumbnail":["https:\/\/bdebibe.com\/wp-content\/uploads\/2023\/12\/Photo_1702070306103-150x150.jpg",150,150,true],"medium":["https:\/\/bdebibe.com\/wp-content\/uploads\/2023\/12\/Photo_1702070306103-300x225.jpg",300,225,true],"medium_large":["https:\/\/bdebibe.com\/wp-content\/uploads\/2023\/12\/Photo_1702070306103-768x576.jpg",768,576,true],"large":["https:\/\/bdebibe.com\/wp-content\/uploads\/2023\/12\/Photo_1702070306103-1024x768.jpg",1024,768,true],"1536x1536":["https:\/\/bdebibe.com\/wp-content\/uploads\/2023\/12\/Photo_1702070306103-1536x1152.jpg",1536,1152,true],"2048x2048":["https:\/\/bdebibe.com\/wp-content\/uploads\/2023\/12\/Photo_1702070306103-2048x1536.jpg",2048,1536,true],"woocommerce_archive_thumbnail":["https:\/\/bdebibe.com\/wp-content\/uploads\/2023\/12\/Photo_1702070306103-scaled-500x500.jpg",500,500,true],"woocommerce_thumbnail":["https:\/\/bdebibe.com\/wp-content\/uploads\/2023\/12\/Photo_1702070306103-scaled-300x300.jpg",300,300,true],"woocommerce_single":["https:\/\/bdebibe.com\/wp-content\/uploads\/2023\/12\/Photo_1702070306103-scaled-600x450.jpg",600,450,true],"woocommerce_gallery_thumbnail":["https:\/\/bdebibe.com\/wp-content\/uploads\/2023\/12\/Photo_1702070306103-scaled-100x100.jpg",100,100,true]},"post_excerpt_stackable":"<p>Estos fant\u00e1sticos Cumple Meses har\u00e1n que cada mes sea una aut\u00e9ntica fiesta. Totalmente personalizables con el nombre de t\u00fa peque\u00f1o para que sea \u00fanico.<\/p>\n<p>Hechos de madera y metacrilato y presentado con una bolsita serigrafiado con su inicial.<\/p>\n","category_list":"","author_info":{"name":"","url":""},"comments_num":"0 comentarios","jetpack_sharing_enabled":true,"_links":{"self":[{"href":"https:\/\/bdebibe.com\/index.php\/wp-json\/wp\/v2\/product\/574"}],"collection":[{"href":"https:\/\/bdebibe.com\/index.php\/wp-json\/wp\/v2\/product"}],"about":[{"href":"https:\/\/bdebibe.com\/index.php\/wp-json\/wp\/v2\/types\/product"}],"replies":[{"embeddable":true,"href":"https:\/\/bdebibe.com\/index.php\/wp-json\/wp\/v2\/comments?post=574"}],"wp:featuredmedia":[{"embeddable":true,"href":"https:\/\/bdebibe.com\/index.php\/wp-json\/wp\/v2\/media\/665"}],"wp:attachment":[{"href":"https:\/\/bdebibe.com\/index.php\/wp-json\/wp\/v2\/media?parent=574"}],"wp:term":[{"taxonomy":"product_cat","embeddable":true,"href":"https:\/\/bdebibe.com\/index.php\/wp-json\/wp\/v2\/product_cat?post=574"},{"taxonomy":"product_tag","embeddable":true,"href":"https:\/\/bdebibe.com\/index.php\/wp-json\/wp\/v2\/product_tag?post=574"}],"curies":[{"name":"wp","href":"https:\/\/api.w.org\/{rel}","templated":true}]}}