{"id":577,"date":"2023-12-07T11:07:45","date_gmt":"2023-12-07T10:07:45","guid":{"rendered":"https:\/\/bdebibe.com\/?post_type=product&#038;p=577"},"modified":"2024-01-05T10:36:57","modified_gmt":"2024-01-05T09:36:57","slug":"cumple-meses-de-madera","status":"publish","type":"product","link":"https:\/\/bdebibe.com\/index.php\/producto\/cumple-meses-de-madera\/","title":{"rendered":"Cumple Meses de madera."},"content":{"rendered":"<p>\u00bfQu\u00e9 mejor recuerdo que las fotos? Y adem\u00e1s, \u00bfsi celebramos todos los meses hasta su primer a\u00f1o? Uniendo estos dos elementos obtenemos los Cumple Meses.<\/p>\n<p>Rodajas de madera de 5 cms de grosor, material de calidad que har\u00e1 no se da\u00f1e.<\/p>\n<p>Todas las rodajas est\u00e1n grabas, completamente, con laser. Todas las rodajas estar\u00e1 en una bolsita de presentaci\u00f3n para que est\u00e9n ordenadas y no se pierdan.<\/p>\n<p><strong>Material y contenido en el paquete.<\/strong><\/p>\n<p>Madera contrachapado de 5cm de grosor y 11 cm de ancho.<\/p>\n<p>Bolsa de presentaci\u00f3n con inicial serigrafiado.<\/p>\n<p>&nbsp;<\/p>\n<p><strong>AVISO<\/strong>: Este producto contiene madera, por ello todas las rodajas pueden que no sean iguales, ya que el material con el que trabajamos es natural y puede que haya alguna modificaci\u00f3n que no sea trascendente para la imagen del producto.<\/p>\n","protected":false},"excerpt":{"rendered":"<p>Estos fant\u00e1sticos Cumple Meses har\u00e1n que cada mes sea una aut\u00e9ntica fiesta. Totalmente personalizables con el nombre de t\u00fa peque\u00f1o para que sea \u00fanico.<br \/>\nHechos de madera y presentado con una bolsita serigrafiado con su inicial.<\/p>\n","protected":false},"featured_media":667,"comment_status":"open","ping_status":"closed","template":"","meta":[],"product_cat":[23],"product_tag":[26,24,27],"featured_image_urls":{"full":["https:\/\/bdebibe.com\/wp-content\/uploads\/2023\/12\/Photo_1702070307486-scaled.jpg",2560,1920,false],"thumbnail":["https:\/\/bdebibe.com\/wp-content\/uploads\/2023\/12\/Photo_1702070307486-150x150.jpg",150,150,true],"medium":["https:\/\/bdebibe.com\/wp-content\/uploads\/2023\/12\/Photo_1702070307486-300x225.jpg",300,225,true],"medium_large":["https:\/\/bdebibe.com\/wp-content\/uploads\/2023\/12\/Photo_1702070307486-768x576.jpg",768,576,true],"large":["https:\/\/bdebibe.com\/wp-content\/uploads\/2023\/12\/Photo_1702070307486-1024x768.jpg",1024,768,true],"1536x1536":["https:\/\/bdebibe.com\/wp-content\/uploads\/2023\/12\/Photo_1702070307486-1536x1152.jpg",1536,1152,true],"2048x2048":["https:\/\/bdebibe.com\/wp-content\/uploads\/2023\/12\/Photo_1702070307486-2048x1536.jpg",2048,1536,true],"woocommerce_archive_thumbnail":["https:\/\/bdebibe.com\/wp-content\/uploads\/2023\/12\/Photo_1702070307486-scaled-500x500.jpg",500,500,true],"woocommerce_thumbnail":["https:\/\/bdebibe.com\/wp-content\/uploads\/2023\/12\/Photo_1702070307486-scaled-300x300.jpg",300,300,true],"woocommerce_single":["https:\/\/bdebibe.com\/wp-content\/uploads\/2023\/12\/Photo_1702070307486-scaled-600x450.jpg",600,450,true],"woocommerce_gallery_thumbnail":["https:\/\/bdebibe.com\/wp-content\/uploads\/2023\/12\/Photo_1702070307486-scaled-100x100.jpg",100,100,true]},"post_excerpt_stackable":"<p>Estos fant\u00e1sticos Cumple Meses har\u00e1n que cada mes sea una aut\u00e9ntica fiesta. Totalmente personalizables con el nombre de t\u00fa peque\u00f1o para que sea \u00fanico.<br \/>\nHechos de madera y presentado con una bolsita serigrafiado con su inicial.<\/p>\n","category_list":"","author_info":{"name":"","url":""},"comments_num":"0 comentarios","jetpack_sharing_enabled":true,"_links":{"self":[{"href":"https:\/\/bdebibe.com\/index.php\/wp-json\/wp\/v2\/product\/577"}],"collection":[{"href":"https:\/\/bdebibe.com\/index.php\/wp-json\/wp\/v2\/product"}],"about":[{"href":"https:\/\/bdebibe.com\/index.php\/wp-json\/wp\/v2\/types\/product"}],"replies":[{"embeddable":true,"href":"https:\/\/bdebibe.com\/index.php\/wp-json\/wp\/v2\/comments?post=577"}],"wp:featuredmedia":[{"embeddable":true,"href":"https:\/\/bdebibe.com\/index.php\/wp-json\/wp\/v2\/media\/667"}],"wp:attachment":[{"href":"https:\/\/bdebibe.com\/index.php\/wp-json\/wp\/v2\/media?parent=577"}],"wp:term":[{"taxonomy":"product_cat","embeddable":true,"href":"https:\/\/bdebibe.com\/index.php\/wp-json\/wp\/v2\/product_cat?post=577"},{"taxonomy":"product_tag","embeddable":true,"href":"https:\/\/bdebibe.com\/index.php\/wp-json\/wp\/v2\/product_tag?post=577"}],"curies":[{"name":"wp","href":"https:\/\/api.w.org\/{rel}","templated":true}]}}