{"id":630,"date":"2023-12-17T13:11:46","date_gmt":"2023-12-17T12:11:46","guid":{"rendered":"https:\/\/bdebibe.com\/?post_type=product&#038;p=630"},"modified":"2023-12-28T23:00:58","modified_gmt":"2023-12-28T22:00:58","slug":"lampara-quitamiedos-con-inicial","status":"publish","type":"product","link":"https:\/\/bdebibe.com\/index.php\/producto\/lampara-quitamiedos-con-inicial\/","title":{"rendered":"L\u00e1mpara quitamiedos con inicial"},"content":{"rendered":"<p>Esta l\u00e1mpara con su magn\u00edfica luz nocturna es totalmente personalizable con los datos que nos aportes. Con su luz tenue crear\u00e1 un ambiente adecuado para poder conciliar el sue\u00f1o.<\/p>\n<p>&nbsp;<\/p>\n<p><strong>Materiales de calidad<\/strong><\/p>\n<p>La base realizada de madera resistente y la placa de metacrilato grabada y dise\u00f1ada especialmente para usted.<\/p>\n<p>&nbsp;<\/p>\n<p><strong>Caracter\u00edsticas<\/strong><\/p>\n<p>Contiene conexi\u00f3n USB para poder conectarlo en cualquier lugar, adem\u00e1s de un interruptor para un manejo sencillo de la luz.<\/p>\n<p>&nbsp;<\/p>\n<p><strong>Mantenimiento<\/strong><\/p>\n<p>Se limpia de forma sencilla con un trapo h\u00famedo.<\/p>\n<p>&nbsp;<\/p>\n<p><strong>AVISO<\/strong><\/p>\n<p>La placa de metacrilato tiene un pl\u00e1stico protector, por ello antes de encajarla en la base deber\u00e1 de quitarla.<\/p>\n","protected":false},"excerpt":{"rendered":"<p>L\u00e1mpara quitamiedos de metacrilato con base de madera, que crear\u00e1 un ambiente ideal en la habitaci\u00f3n para que pueda dormir.<\/p>\n","protected":false},"featured_media":682,"comment_status":"open","ping_status":"closed","template":"","meta":[],"product_cat":[29],"product_tag":[26,36,31,30,27,35,32],"featured_image_urls":{"full":["https:\/\/bdebibe.com\/wp-content\/uploads\/2023\/12\/Photo_1702070677261-scaled.jpg",1920,2560,false],"thumbnail":["https:\/\/bdebibe.com\/wp-content\/uploads\/2023\/12\/Photo_1702070677261-150x150.jpg",150,150,true],"medium":["https:\/\/bdebibe.com\/wp-content\/uploads\/2023\/12\/Photo_1702070677261-225x300.jpg",225,300,true],"medium_large":["https:\/\/bdebibe.com\/wp-content\/uploads\/2023\/12\/Photo_1702070677261-768x1024.jpg",768,1024,true],"large":["https:\/\/bdebibe.com\/wp-content\/uploads\/2023\/12\/Photo_1702070677261-768x1024.jpg",768,1024,true],"1536x1536":["https:\/\/bdebibe.com\/wp-content\/uploads\/2023\/12\/Photo_1702070677261-1152x1536.jpg",1152,1536,true],"2048x2048":["https:\/\/bdebibe.com\/wp-content\/uploads\/2023\/12\/Photo_1702070677261-1536x2048.jpg",1536,2048,true],"woocommerce_archive_thumbnail":["https:\/\/bdebibe.com\/wp-content\/uploads\/2023\/12\/Photo_1702070677261-scaled-500x500.jpg",500,500,true],"woocommerce_thumbnail":["https:\/\/bdebibe.com\/wp-content\/uploads\/2023\/12\/Photo_1702070677261-scaled-300x300.jpg",300,300,true],"woocommerce_single":["https:\/\/bdebibe.com\/wp-content\/uploads\/2023\/12\/Photo_1702070677261-scaled-600x800.jpg",600,800,true],"woocommerce_gallery_thumbnail":["https:\/\/bdebibe.com\/wp-content\/uploads\/2023\/12\/Photo_1702070677261-scaled-100x100.jpg",100,100,true]},"post_excerpt_stackable":"<p>L\u00e1mpara quitamiedos de metacrilato con base de madera, que crear\u00e1 un ambiente ideal en la habitaci\u00f3n para que pueda dormir.<\/p>\n","category_list":"","author_info":{"name":"","url":""},"comments_num":"0 comentarios","jetpack_sharing_enabled":true,"_links":{"self":[{"href":"https:\/\/bdebibe.com\/index.php\/wp-json\/wp\/v2\/product\/630"}],"collection":[{"href":"https:\/\/bdebibe.com\/index.php\/wp-json\/wp\/v2\/product"}],"about":[{"href":"https:\/\/bdebibe.com\/index.php\/wp-json\/wp\/v2\/types\/product"}],"replies":[{"embeddable":true,"href":"https:\/\/bdebibe.com\/index.php\/wp-json\/wp\/v2\/comments?post=630"}],"wp:featuredmedia":[{"embeddable":true,"href":"https:\/\/bdebibe.com\/index.php\/wp-json\/wp\/v2\/media\/682"}],"wp:attachment":[{"href":"https:\/\/bdebibe.com\/index.php\/wp-json\/wp\/v2\/media?parent=630"}],"wp:term":[{"taxonomy":"product_cat","embeddable":true,"href":"https:\/\/bdebibe.com\/index.php\/wp-json\/wp\/v2\/product_cat?post=630"},{"taxonomy":"product_tag","embeddable":true,"href":"https:\/\/bdebibe.com\/index.php\/wp-json\/wp\/v2\/product_tag?post=630"}],"curies":[{"name":"wp","href":"https:\/\/api.w.org\/{rel}","templated":true}]}}