{"id":690,"date":"2023-12-17T13:43:46","date_gmt":"2023-12-17T12:43:46","guid":{"rendered":"https:\/\/bdebibe.com\/?post_type=product&#038;p=690"},"modified":"2023-12-28T22:47:26","modified_gmt":"2023-12-28T21:47:26","slug":"humidificador-personalizado","status":"publish","type":"product","link":"https:\/\/bdebibe.com\/index.php\/producto\/humidificador-personalizado\/","title":{"rendered":"Humidificador personalizado"},"content":{"rendered":"<p>Sum\u00e9rgete en la experiencia \u00fanica que nuestro humidificador para beb\u00e9s ofrece.<\/p>\n<p>Este dispositivo no solo humidifica el ambiente para mejorar la calidad del aire, sino que tambi\u00e9n a\u00f1ade un toque personalizado con el nombre de tu beb\u00e9\u00a0 y dibujos encantadores, puedes crear un entorno \u00fanico y especial para tu peque\u00f1o.<\/p>\n<p>Este humidificador no solo es funcional, sino tambi\u00e9n est\u00e9ticamente agradable. Su dise\u00f1o elegante su luz tenue de luz que cambia de colores y la posibilidad de personalizaci\u00f3n hacen que sea ideal para su habitaci\u00f3n. Adem\u00e1s, cuenta con caracter\u00edsticas avanzadas como ajustes de intensidad de humidificaci\u00f3n, asegurando la seguridad y comodidad del peque\u00f1o.<\/p>\n<p>Cuida de la salud respiratoria de tu beb\u00e9 y agrega un toque personal a su espacio con nuestro humidificador personalizable.<\/p>\n<p>\u00a1Una combinaci\u00f3n perfecta de utilidad y encanto para el mundo del sue\u00f1o de tu peque\u00f1o!<\/p>\n<p>&nbsp;<\/p>\n<p><strong>Caracter\u00edsticas<\/strong>:<\/p>\n<p>Dos intensidades de humo.<\/p>\n<p>Ruido cero, totalmente silencioso.<\/p>\n<p>Capacidad de 2000ml de agua.<\/p>\n<p>Volumen de expulsi\u00f3n de agua 80ml\/h.<\/p>\n<p>Conexi\u00f3n a la corriente el\u00e9ctrica a trav\u00e9s de USB.<\/p>\n<p>&nbsp;<\/p>\n<p><strong>Recomendaciones<\/strong>:<\/p>\n<p>Cambio de agua diario.<\/p>\n<p>Los filtros se deben de humedecer durante dos minutos para la puesta en marcha.<\/p>\n<p>No es un juguete, por ello debe de estar fuera de alcance de los ni\u00f1os y beb\u00e9s.<\/p>\n","protected":false},"excerpt":{"rendered":"<p>Descubre el humidificador perfecto para la habitaci\u00f3n de tu peque\u00f1o.<\/p>\n<p>Es totalmente personalizable con el nombre de tu beb\u00e9 y con dibujos, pregunte sin ning\u00fan compromiso.<\/p>\n<p>Crea un ambiente c\u00f3modo y saludable para su descanso con la tenue luz led que cambia de color.<\/p>\n<p>\u00a1Haz que cada respiraci\u00f3n sea especial!<\/p>\n","protected":false},"featured_media":684,"comment_status":"open","ping_status":"closed","template":"","meta":[],"product_cat":[37],"product_tag":[26,36,40,27,33,39,38],"featured_image_urls":{"full":["https:\/\/bdebibe.com\/wp-content\/uploads\/2023\/12\/Photo_1702070727249-scaled.jpg",1920,2560,false],"thumbnail":["https:\/\/bdebibe.com\/wp-content\/uploads\/2023\/12\/Photo_1702070727249-150x150.jpg",150,150,true],"medium":["https:\/\/bdebibe.com\/wp-content\/uploads\/2023\/12\/Photo_1702070727249-225x300.jpg",225,300,true],"medium_large":["https:\/\/bdebibe.com\/wp-content\/uploads\/2023\/12\/Photo_1702070727249-768x1024.jpg",768,1024,true],"large":["https:\/\/bdebibe.com\/wp-content\/uploads\/2023\/12\/Photo_1702070727249-768x1024.jpg",768,1024,true],"1536x1536":["https:\/\/bdebibe.com\/wp-content\/uploads\/2023\/12\/Photo_1702070727249-1152x1536.jpg",1152,1536,true],"2048x2048":["https:\/\/bdebibe.com\/wp-content\/uploads\/2023\/12\/Photo_1702070727249-1536x2048.jpg",1536,2048,true],"woocommerce_archive_thumbnail":["https:\/\/bdebibe.com\/wp-content\/uploads\/2023\/12\/Photo_1702070727249-scaled-500x500.jpg",500,500,true],"woocommerce_thumbnail":["https:\/\/bdebibe.com\/wp-content\/uploads\/2023\/12\/Photo_1702070727249-scaled-300x300.jpg",300,300,true],"woocommerce_single":["https:\/\/bdebibe.com\/wp-content\/uploads\/2023\/12\/Photo_1702070727249-scaled-600x800.jpg",600,800,true],"woocommerce_gallery_thumbnail":["https:\/\/bdebibe.com\/wp-content\/uploads\/2023\/12\/Photo_1702070727249-scaled-100x100.jpg",100,100,true]},"post_excerpt_stackable":"<p>Descubre el humidificador perfecto para la habitaci\u00f3n de tu peque\u00f1o.<\/p>\n<p>Es totalmente personalizable con el nombre de tu beb\u00e9 y con dibujos, pregunte sin ning\u00fan compromiso.<\/p>\n<p>Crea un ambiente c\u00f3modo y saludable para su descanso con la tenue luz led que cambia de color.<\/p>\n<p>\u00a1Haz que cada respiraci\u00f3n sea especial!<\/p>\n","category_list":"","author_info":{"name":"","url":""},"comments_num":"0 comentarios","jetpack_sharing_enabled":true,"_links":{"self":[{"href":"https:\/\/bdebibe.com\/index.php\/wp-json\/wp\/v2\/product\/690"}],"collection":[{"href":"https:\/\/bdebibe.com\/index.php\/wp-json\/wp\/v2\/product"}],"about":[{"href":"https:\/\/bdebibe.com\/index.php\/wp-json\/wp\/v2\/types\/product"}],"replies":[{"embeddable":true,"href":"https:\/\/bdebibe.com\/index.php\/wp-json\/wp\/v2\/comments?post=690"}],"wp:featuredmedia":[{"embeddable":true,"href":"https:\/\/bdebibe.com\/index.php\/wp-json\/wp\/v2\/media\/684"}],"wp:attachment":[{"href":"https:\/\/bdebibe.com\/index.php\/wp-json\/wp\/v2\/media?parent=690"}],"wp:term":[{"taxonomy":"product_cat","embeddable":true,"href":"https:\/\/bdebibe.com\/index.php\/wp-json\/wp\/v2\/product_cat?post=690"},{"taxonomy":"product_tag","embeddable":true,"href":"https:\/\/bdebibe.com\/index.php\/wp-json\/wp\/v2\/product_tag?post=690"}],"curies":[{"name":"wp","href":"https:\/\/api.w.org\/{rel}","templated":true}]}}