{"id":760,"date":"2023-12-17T18:13:21","date_gmt":"2023-12-17T17:13:21","guid":{"rendered":"https:\/\/bdebibe.com\/?post_type=product&#038;p=760"},"modified":"2023-12-17T18:13:21","modified_gmt":"2023-12-17T17:13:21","slug":"pack-calcetin-y-patuco-azul","status":"publish","type":"product","link":"https:\/\/bdebibe.com\/index.php\/producto\/pack-calcetin-y-patuco-azul\/","title":{"rendered":"Pack calcet\u00edn y patuco (Azul)"},"content":{"rendered":"<p>Nuestro conjunto de calcet\u00edn y patuco ha sido cuidadosamente dise\u00f1ado para combinar funcionalidad y estilo en la moda infantil. El patuco, con su encantador dise\u00f1o estilo conejo, no solo agrega una dosis de ternura, sino que tambi\u00e9n brinda calidez y protecci\u00f3n para los peque\u00f1os pies. Fabricados con materiales suaves y seguros, estos patucos son ideales para mantener los pies del beb\u00e9 c\u00f3modos y abrigados.<\/p>\n<p>Los calcetines que acompa\u00f1an este conjunto son una expresi\u00f3n de diversi\u00f3n y creatividad. Decorados con dibujos variados, desde animalitos hasta formas l\u00fadicas, estos calcetines a\u00f1aden un toque de alegr\u00eda al atuendo de tu beb\u00e9. Adem\u00e1s de su atractivo dise\u00f1o, los calcetines est\u00e1n confeccionados con atenci\u00f3n a la comodidad y durabilidad, asegurando que sean suaves para la delicada piel del beb\u00e9 y resistentes al uso diario.<\/p>\n<p>Este conjunto no solo es una elecci\u00f3n pr\u00e1ctica para mantener los pies de tu beb\u00e9 protegidos, sino tambi\u00e9n una declaraci\u00f3n de estilo. Ya sea para uso diario o para ocasiones especiales, este conjunto de calcet\u00edn y patuco es una opci\u00f3n encantadora que combina la funcionalidad esencial con la moda l\u00fadica para los m\u00e1s peque\u00f1os.<\/p>\n<p>&nbsp;<\/p>\n<p><strong>Composici\u00f3n<\/strong> 100% algod\u00f3n.<\/p>\n<p><strong>Aviso<\/strong>: el dise\u00f1o del calcet\u00edn depender\u00e1 del stock.<\/p>\n","protected":false},"excerpt":{"rendered":"<p>Conjunto encantador de calcet\u00edn y patuco para beb\u00e9s. Dise\u00f1o adorable con patucos estilo conejo y calcetines decorados con divertidos dibujos.<\/p>\n","protected":false},"featured_media":655,"comment_status":"open","ping_status":"closed","template":"","meta":[],"product_cat":[55],"product_tag":[26,62,27,61,63],"featured_image_urls":{"full":["https:\/\/bdebibe.com\/wp-content\/uploads\/2023\/12\/Photo_1702066405348-scaled.jpg",1920,2560,false],"thumbnail":["https:\/\/bdebibe.com\/wp-content\/uploads\/2023\/12\/Photo_1702066405348-150x150.jpg",150,150,true],"medium":["https:\/\/bdebibe.com\/wp-content\/uploads\/2023\/12\/Photo_1702066405348-225x300.jpg",225,300,true],"medium_large":["https:\/\/bdebibe.com\/wp-content\/uploads\/2023\/12\/Photo_1702066405348-768x1024.jpg",768,1024,true],"large":["https:\/\/bdebibe.com\/wp-content\/uploads\/2023\/12\/Photo_1702066405348-768x1024.jpg",768,1024,true],"1536x1536":["https:\/\/bdebibe.com\/wp-content\/uploads\/2023\/12\/Photo_1702066405348-1152x1536.jpg",1152,1536,true],"2048x2048":["https:\/\/bdebibe.com\/wp-content\/uploads\/2023\/12\/Photo_1702066405348-1536x2048.jpg",1536,2048,true],"woocommerce_archive_thumbnail":["https:\/\/bdebibe.com\/wp-content\/uploads\/2023\/12\/Photo_1702066405348-scaled-500x500.jpg",500,500,true],"woocommerce_thumbnail":["https:\/\/bdebibe.com\/wp-content\/uploads\/2023\/12\/Photo_1702066405348-scaled-300x300.jpg",300,300,true],"woocommerce_single":["https:\/\/bdebibe.com\/wp-content\/uploads\/2023\/12\/Photo_1702066405348-scaled-600x800.jpg",600,800,true],"woocommerce_gallery_thumbnail":["https:\/\/bdebibe.com\/wp-content\/uploads\/2023\/12\/Photo_1702066405348-scaled-100x100.jpg",100,100,true]},"post_excerpt_stackable":"<p>Conjunto encantador de calcet\u00edn y patuco para beb\u00e9s. Dise\u00f1o adorable con patucos estilo conejo y calcetines decorados con divertidos dibujos.<\/p>\n","category_list":"","author_info":{"name":"","url":""},"comments_num":"0 comentarios","jetpack_sharing_enabled":true,"_links":{"self":[{"href":"https:\/\/bdebibe.com\/index.php\/wp-json\/wp\/v2\/product\/760"}],"collection":[{"href":"https:\/\/bdebibe.com\/index.php\/wp-json\/wp\/v2\/product"}],"about":[{"href":"https:\/\/bdebibe.com\/index.php\/wp-json\/wp\/v2\/types\/product"}],"replies":[{"embeddable":true,"href":"https:\/\/bdebibe.com\/index.php\/wp-json\/wp\/v2\/comments?post=760"}],"wp:featuredmedia":[{"embeddable":true,"href":"https:\/\/bdebibe.com\/index.php\/wp-json\/wp\/v2\/media\/655"}],"wp:attachment":[{"href":"https:\/\/bdebibe.com\/index.php\/wp-json\/wp\/v2\/media?parent=760"}],"wp:term":[{"taxonomy":"product_cat","embeddable":true,"href":"https:\/\/bdebibe.com\/index.php\/wp-json\/wp\/v2\/product_cat?post=760"},{"taxonomy":"product_tag","embeddable":true,"href":"https:\/\/bdebibe.com\/index.php\/wp-json\/wp\/v2\/product_tag?post=760"}],"curies":[{"name":"wp","href":"https:\/\/api.w.org\/{rel}","templated":true}]}}