{"id":776,"date":"2023-12-19T13:09:15","date_gmt":"2023-12-19T12:09:15","guid":{"rendered":"https:\/\/bdebibe.com\/?post_type=product&#038;p=776"},"modified":"2023-12-24T12:07:05","modified_gmt":"2023-12-24T11:07:05","slug":"set-de-primera-puesta","status":"publish","type":"product","link":"https:\/\/bdebibe.com\/index.php\/producto\/set-de-primera-puesta\/","title":{"rendered":"Set de primera puesta"},"content":{"rendered":"<p>El Set de Primera Puesta es la elecci\u00f3n perfecta para recibir a tu beb\u00e9 con comodidad y estilo. Este conjunto de tres piezas incluye un bodie, gorro y calcetines, todos confeccionados con 100% algod\u00f3n, garantizando la suavidad y delicadeza necesarias para la piel sensible del reci\u00e9n nacido.<\/p>\n<p>El bodie est\u00e1n dise\u00f1ados para brindar facilidad de movimiento y cambio de pa\u00f1ales, con cierres a presi\u00f3n que hacen que vestir a tu peque\u00f1o sea sencillo y c\u00f3modo. El gorro, adem\u00e1s de mantener la cabecita de tu beb\u00e9 abrigada, se personaliza con vinilo textil, a\u00f1adiendo un toque personal y \u00fanico al conjunto. Imagina la dulzura de ver el nombre de tu beb\u00e9 adornando el gorro que lo protege con cari\u00f1o.<\/p>\n<p>Los calcetines, tambi\u00e9n confeccionados en algod\u00f3n suave, mantienen los piececitos de tu beb\u00e9 calientes y c\u00f3modos. Este set no solo es pr\u00e1ctico, sino que tambi\u00e9n es una adici\u00f3n encantadora a la colecci\u00f3n de ropa de tu reci\u00e9n nacido.<\/p>\n<p>La elecci\u00f3n del material 100% algod\u00f3n no solo garantiza la comodidad, sino tambi\u00e9n la transpirabilidad, asegurando que la piel delicada del beb\u00e9 est\u00e9 cuidada en todo momento. Con nuestro Set de Primera Puesta, no solo est\u00e1s invirtiendo en prendas de calidad, sino tambi\u00e9n en un toque personalizado que hace que la bienvenida a tu peque\u00f1o sea a\u00fan m\u00e1s especial.<\/p>\n","protected":false},"excerpt":{"rendered":"<p>Nuestro encantador Set de Primera Puesta es un conjunto esencial de tres piezas para tu reci\u00e9n nacido.<\/p>\n<p>Incluye un bodie, gorro y calcetines, todo ello hecho por 100% algod\u00f3n. Personalizamos el gorro con el nombre de t\u00fa beb\u00e9, utilizando vinilo textil para un toque especial.<\/p>\n","protected":false},"featured_media":771,"comment_status":"open","ping_status":"closed","template":"","meta":[],"product_cat":[55],"product_tag":[26,78,80,79,27,73,77,39,63],"featured_image_urls":{"full":["https:\/\/bdebibe.com\/wp-content\/uploads\/2023\/12\/Conjunto-body-gorrito-y-patucos-gris1.png",3000,4000,false],"thumbnail":["https:\/\/bdebibe.com\/wp-content\/uploads\/2023\/12\/Conjunto-body-gorrito-y-patucos-gris1-150x150.png",150,150,true],"medium":["https:\/\/bdebibe.com\/wp-content\/uploads\/2023\/12\/Conjunto-body-gorrito-y-patucos-gris1-225x300.png",225,300,true],"medium_large":["https:\/\/bdebibe.com\/wp-content\/uploads\/2023\/12\/Conjunto-body-gorrito-y-patucos-gris1-768x1024.png",768,1024,true],"large":["https:\/\/bdebibe.com\/wp-content\/uploads\/2023\/12\/Conjunto-body-gorrito-y-patucos-gris1-768x1024.png",768,1024,true],"1536x1536":["https:\/\/bdebibe.com\/wp-content\/uploads\/2023\/12\/Conjunto-body-gorrito-y-patucos-gris1-1152x1536.png",1152,1536,true],"2048x2048":["https:\/\/bdebibe.com\/wp-content\/uploads\/2023\/12\/Conjunto-body-gorrito-y-patucos-gris1.png",1536,2048,false],"woocommerce_archive_thumbnail":["https:\/\/bdebibe.com\/wp-content\/uploads\/2023\/12\/Conjunto-body-gorrito-y-patucos-gris1-500x500.png",500,500,true],"woocommerce_thumbnail":["https:\/\/bdebibe.com\/wp-content\/uploads\/2023\/12\/Conjunto-body-gorrito-y-patucos-gris1-300x300.png",300,300,true],"woocommerce_single":["https:\/\/bdebibe.com\/wp-content\/uploads\/2023\/12\/Conjunto-body-gorrito-y-patucos-gris1-600x800.png",600,800,true],"woocommerce_gallery_thumbnail":["https:\/\/bdebibe.com\/wp-content\/uploads\/2023\/12\/Conjunto-body-gorrito-y-patucos-gris1-100x100.png",100,100,true]},"post_excerpt_stackable":"<p>Nuestro encantador Set de Primera Puesta es un conjunto esencial de tres piezas para tu reci\u00e9n nacido.<\/p>\n<p>Incluye un bodie, gorro y calcetines, todo ello hecho por 100% algod\u00f3n. Personalizamos el gorro con el nombre de t\u00fa beb\u00e9, utilizando vinilo textil para un toque especial.<\/p>\n","category_list":"","author_info":{"name":"","url":""},"comments_num":"0 comentarios","jetpack_sharing_enabled":true,"_links":{"self":[{"href":"https:\/\/bdebibe.com\/index.php\/wp-json\/wp\/v2\/product\/776"}],"collection":[{"href":"https:\/\/bdebibe.com\/index.php\/wp-json\/wp\/v2\/product"}],"about":[{"href":"https:\/\/bdebibe.com\/index.php\/wp-json\/wp\/v2\/types\/product"}],"replies":[{"embeddable":true,"href":"https:\/\/bdebibe.com\/index.php\/wp-json\/wp\/v2\/comments?post=776"}],"wp:featuredmedia":[{"embeddable":true,"href":"https:\/\/bdebibe.com\/index.php\/wp-json\/wp\/v2\/media\/771"}],"wp:attachment":[{"href":"https:\/\/bdebibe.com\/index.php\/wp-json\/wp\/v2\/media?parent=776"}],"wp:term":[{"taxonomy":"product_cat","embeddable":true,"href":"https:\/\/bdebibe.com\/index.php\/wp-json\/wp\/v2\/product_cat?post=776"},{"taxonomy":"product_tag","embeddable":true,"href":"https:\/\/bdebibe.com\/index.php\/wp-json\/wp\/v2\/product_tag?post=776"}],"curies":[{"name":"wp","href":"https:\/\/api.w.org\/{rel}","templated":true}]}}