{"id":814,"date":"2023-12-19T13:56:05","date_gmt":"2023-12-19T12:56:05","guid":{"rendered":"https:\/\/bdebibe.com\/?post_type=product&#038;p=814"},"modified":"2023-12-24T12:05:09","modified_gmt":"2023-12-24T11:05:09","slug":"dou-dou-leon","status":"publish","type":"product","link":"https:\/\/bdebibe.com\/index.php\/producto\/dou-dou-leon\/","title":{"rendered":"Dou Dou Le\u00f3n"},"content":{"rendered":"<p>El Dou Dou Le\u00f3n va m\u00e1s all\u00e1 de ser simplemente un art\u00edculo para beb\u00e9s; es un amigo tierno y reconfortante que estar\u00e1 presente en todos los momentos especiales de tu peque\u00f1o. Confeccionado con 100% algod\u00f3n, este Dou Dou no solo ofrece una textura suave y acogedora, sino que tambi\u00e9n es hipoalerg\u00e9nico y seguro para la piel delicada de tu beb\u00e9.<\/p>\n<p>La opci\u00f3n de personalizaci\u00f3n con vinilo textil permite que este Dou Dou sea verdaderamente \u00fanico. Agrega el nombre de tu beb\u00e9 para transformar este adorable le\u00f3n en un compa\u00f1ero personalizado y especial. Esta caracter\u00edstica no solo lo hace perfecto para tu beb\u00e9, sino tambi\u00e9n como un regalo significativo para celebrar su llegada.<\/p>\n<p>El Dou Dou Le\u00f3n es vers\u00e1til y port\u00e1til, ideal para acompa\u00f1ar a tu beb\u00e9 en casa, durante paseos o en cualquier momento que necesite consuelo. Su tama\u00f1o y dise\u00f1o lo convierten en un accesorio pr\u00e1ctico para integrar en la rutina diaria de cuidado del beb\u00e9.<\/p>\n<p>La durabilidad del algod\u00f3n utilizado en la fabricaci\u00f3n asegura que este Dou Dou resistir\u00e1 el uso constante y los abrazos apretados de tu peque\u00f1o. Con el Dou Dou Le\u00f3n, est\u00e1s invirtiendo en un compa\u00f1ero adorable y personalizado que formar\u00e1 parte de los recuerdos m\u00e1s dulces de la infancia de tu beb\u00e9.<\/p>\n","protected":false},"excerpt":{"rendered":"<p>El Dou Dou Le\u00f3n es el compa\u00f1ero perfecto para tu beb\u00e9, hecho completamente de 100% algod\u00f3n suave. Personalizamos este adorable Dou Dou con el nombre de tu peque\u00f1o utilizando vinilo textil para crear un lazo especial.<\/p>\n","protected":false},"featured_media":815,"comment_status":"open","ping_status":"closed","template":"","meta":[],"product_cat":[84,52],"product_tag":[26,83,36,85,34,27,45,39],"featured_image_urls":{"full":["https:\/\/bdebibe.com\/wp-content\/uploads\/2023\/12\/doudouleon.png",3000,4000,false],"thumbnail":["https:\/\/bdebibe.com\/wp-content\/uploads\/2023\/12\/doudouleon-150x150.png",150,150,true],"medium":["https:\/\/bdebibe.com\/wp-content\/uploads\/2023\/12\/doudouleon-225x300.png",225,300,true],"medium_large":["https:\/\/bdebibe.com\/wp-content\/uploads\/2023\/12\/doudouleon-768x1024.png",768,1024,true],"large":["https:\/\/bdebibe.com\/wp-content\/uploads\/2023\/12\/doudouleon-768x1024.png",768,1024,true],"1536x1536":["https:\/\/bdebibe.com\/wp-content\/uploads\/2023\/12\/doudouleon-1152x1536.png",1152,1536,true],"2048x2048":["https:\/\/bdebibe.com\/wp-content\/uploads\/2023\/12\/doudouleon-1536x2048.png",1536,2048,true],"woocommerce_archive_thumbnail":["https:\/\/bdebibe.com\/wp-content\/uploads\/2023\/12\/doudouleon-500x500.png",500,500,true],"woocommerce_thumbnail":["https:\/\/bdebibe.com\/wp-content\/uploads\/2023\/12\/doudouleon-300x300.png",300,300,true],"woocommerce_single":["https:\/\/bdebibe.com\/wp-content\/uploads\/2023\/12\/doudouleon-600x800.png",600,800,true],"woocommerce_gallery_thumbnail":["https:\/\/bdebibe.com\/wp-content\/uploads\/2023\/12\/doudouleon-100x100.png",100,100,true]},"post_excerpt_stackable":"<p>El Dou Dou Le\u00f3n es el compa\u00f1ero perfecto para tu beb\u00e9, hecho completamente de 100% algod\u00f3n suave. Personalizamos este adorable Dou Dou con el nombre de tu peque\u00f1o utilizando vinilo textil para crear un lazo especial.<\/p>\n","category_list":"","author_info":{"name":"","url":""},"comments_num":"0 comentarios","jetpack_sharing_enabled":true,"_links":{"self":[{"href":"https:\/\/bdebibe.com\/index.php\/wp-json\/wp\/v2\/product\/814"}],"collection":[{"href":"https:\/\/bdebibe.com\/index.php\/wp-json\/wp\/v2\/product"}],"about":[{"href":"https:\/\/bdebibe.com\/index.php\/wp-json\/wp\/v2\/types\/product"}],"replies":[{"embeddable":true,"href":"https:\/\/bdebibe.com\/index.php\/wp-json\/wp\/v2\/comments?post=814"}],"wp:featuredmedia":[{"embeddable":true,"href":"https:\/\/bdebibe.com\/index.php\/wp-json\/wp\/v2\/media\/815"}],"wp:attachment":[{"href":"https:\/\/bdebibe.com\/index.php\/wp-json\/wp\/v2\/media?parent=814"}],"wp:term":[{"taxonomy":"product_cat","embeddable":true,"href":"https:\/\/bdebibe.com\/index.php\/wp-json\/wp\/v2\/product_cat?post=814"},{"taxonomy":"product_tag","embeddable":true,"href":"https:\/\/bdebibe.com\/index.php\/wp-json\/wp\/v2\/product_tag?post=814"}],"curies":[{"name":"wp","href":"https:\/\/api.w.org\/{rel}","templated":true}]}}