{"id":826,"date":"2023-12-19T14:19:37","date_gmt":"2023-12-19T13:19:37","guid":{"rendered":"https:\/\/bdebibe.com\/?post_type=product&#038;p=826"},"modified":"2023-12-24T12:02:13","modified_gmt":"2023-12-24T11:02:13","slug":"osito-musical","status":"publish","type":"product","link":"https:\/\/bdebibe.com\/index.php\/producto\/osito-musical\/","title":{"rendered":"Osito musical"},"content":{"rendered":"<p>El Osito Musical es mucho m\u00e1s que un simple peluche; es una experiencia encantadora para la hora de dormir de tu beb\u00e9. Fabricado con un tacto aterciopelado, este adorable osito no solo es suave al tacto, sino que tambi\u00e9n es un estimulante sensorial para la comodidad y seguridad de tu peque\u00f1o.<\/p>\n<p>La funcionalidad musical a\u00f1ade un elemento m\u00e1gico a la rutina de sue\u00f1o. Al tirar suavemente de la cuerda, el Osito Musical emite una suave y relajante nana que crea un ambiente tranquilo y apacible para que tu beb\u00e9 se duerma felizmente. La melod\u00eda, cuidadosamente seleccionada, contribuye a establecer una conexi\u00f3n positiva con la hora de acostarse.<\/p>\n<p>La opci\u00f3n de personalizaci\u00f3n con vinilo textil permite que este Osito sea verdaderamente \u00fanico. Agrega el nombre de tu beb\u00e9 para convertirlo en un compa\u00f1ero personalizado y especial. Esta caracter\u00edstica no solo a\u00f1ade un toque personal, sino que tambi\u00e9n hace que el Osito sea un regalo significativo para celebrar la llegada de tu peque\u00f1o o para una ocasi\u00f3n especial.<\/p>\n<p>La durabilidad y la atenci\u00f3n al detalle en la fabricaci\u00f3n garantizan que este Osito Musical se mantendr\u00e1 como un amigo confiable durante mucho tiempo. Con el Osito Musical, est\u00e1s proporcionando a tu beb\u00e9 un compa\u00f1ero tierno y musical que formar\u00e1 parte de sus dulces sue\u00f1os y recuerdos de la infancia.<\/p>\n","protected":false},"excerpt":{"rendered":"<p>El Osito Musical es el compa\u00f1ero perfecto para la hora de dormir. Este suave peluche de tacto aterciopelado reproduce una agradable nana al tirar de la cuerda. Personaliza este tierno amigo con el nombre de tu beb\u00e9 usando vinilo textil para un toque especial.<\/p>\n","protected":false},"featured_media":790,"comment_status":"open","ping_status":"closed","template":"","meta":[],"product_cat":[86,52],"product_tag":[26,83,36,87,27,88,89,45,39],"featured_image_urls":{"full":["https:\/\/bdebibe.com\/wp-content\/uploads\/2023\/12\/Luna-con-musica.png",3000,4000,false],"thumbnail":["https:\/\/bdebibe.com\/wp-content\/uploads\/2023\/12\/Luna-con-musica-150x150.png",150,150,true],"medium":["https:\/\/bdebibe.com\/wp-content\/uploads\/2023\/12\/Luna-con-musica-225x300.png",225,300,true],"medium_large":["https:\/\/bdebibe.com\/wp-content\/uploads\/2023\/12\/Luna-con-musica-768x1024.png",768,1024,true],"large":["https:\/\/bdebibe.com\/wp-content\/uploads\/2023\/12\/Luna-con-musica-768x1024.png",768,1024,true],"1536x1536":["https:\/\/bdebibe.com\/wp-content\/uploads\/2023\/12\/Luna-con-musica-1152x1536.png",1152,1536,true],"2048x2048":["https:\/\/bdebibe.com\/wp-content\/uploads\/2023\/12\/Luna-con-musica-1536x2048.png",1536,2048,true],"woocommerce_archive_thumbnail":["https:\/\/bdebibe.com\/wp-content\/uploads\/2023\/12\/Luna-con-musica-500x500.png",500,500,true],"woocommerce_thumbnail":["https:\/\/bdebibe.com\/wp-content\/uploads\/2023\/12\/Luna-con-musica-300x300.png",300,300,true],"woocommerce_single":["https:\/\/bdebibe.com\/wp-content\/uploads\/2023\/12\/Luna-con-musica-600x800.png",600,800,true],"woocommerce_gallery_thumbnail":["https:\/\/bdebibe.com\/wp-content\/uploads\/2023\/12\/Luna-con-musica-100x100.png",100,100,true]},"post_excerpt_stackable":"<p>El Osito Musical es el compa\u00f1ero perfecto para la hora de dormir. Este suave peluche de tacto aterciopelado reproduce una agradable nana al tirar de la cuerda. Personaliza este tierno amigo con el nombre de tu beb\u00e9 usando vinilo textil para un toque especial.<\/p>\n","category_list":"","author_info":{"name":"","url":""},"comments_num":"0 comentarios","jetpack_sharing_enabled":true,"_links":{"self":[{"href":"https:\/\/bdebibe.com\/index.php\/wp-json\/wp\/v2\/product\/826"}],"collection":[{"href":"https:\/\/bdebibe.com\/index.php\/wp-json\/wp\/v2\/product"}],"about":[{"href":"https:\/\/bdebibe.com\/index.php\/wp-json\/wp\/v2\/types\/product"}],"replies":[{"embeddable":true,"href":"https:\/\/bdebibe.com\/index.php\/wp-json\/wp\/v2\/comments?post=826"}],"wp:featuredmedia":[{"embeddable":true,"href":"https:\/\/bdebibe.com\/index.php\/wp-json\/wp\/v2\/media\/790"}],"wp:attachment":[{"href":"https:\/\/bdebibe.com\/index.php\/wp-json\/wp\/v2\/media?parent=826"}],"wp:term":[{"taxonomy":"product_cat","embeddable":true,"href":"https:\/\/bdebibe.com\/index.php\/wp-json\/wp\/v2\/product_cat?post=826"},{"taxonomy":"product_tag","embeddable":true,"href":"https:\/\/bdebibe.com\/index.php\/wp-json\/wp\/v2\/product_tag?post=826"}],"curies":[{"name":"wp","href":"https:\/\/api.w.org\/{rel}","templated":true}]}}