{"id":842,"date":"2023-12-19T17:26:45","date_gmt":"2023-12-19T16:26:45","guid":{"rendered":"https:\/\/bdebibe.com\/?post_type=product&#038;p=842"},"modified":"2023-12-19T19:29:15","modified_gmt":"2023-12-19T18:29:15","slug":"dou-dou-osito","status":"publish","type":"product","link":"https:\/\/bdebibe.com\/index.php\/producto\/dou-dou-osito\/","title":{"rendered":"Dou Dou osito"},"content":{"rendered":"<p>El Dou Dou Osito es un elemento esencial para el confort y la compa\u00f1\u00eda de tu beb\u00e9. Este tierno peluche presenta un dise\u00f1o encantador y vers\u00e1til con una parte delantera decorada con estampado de estrellitas, aportando un toque celestial y juguet\u00f3n.<\/p>\n<p>La parte posterior, con un estampado a rayas en tonos rosa o azul, a\u00f1ade una dimensi\u00f3n visual encantadora al Dou Dou Osito. Esta dualidad en el dise\u00f1o no solo lo hace est\u00e9ticamente agradable, sino que tambi\u00e9n permite variar la apariencia seg\u00fan la preferencia y el estilo. Adem\u00e1s es personalizable con el nombre de tu beb\u00e9 con vinilo textil.<\/p>\n<p>La suavidad del Dou Dou Osito no solo es perceptible al tacto, sino que tambi\u00e9n contribuye al bienestar y la seguridad de tu beb\u00e9. Su tama\u00f1o y forma lo convierten en el compa\u00f1ero perfecto para abrazar, jugar o incluso como decoraci\u00f3n en la habitaci\u00f3n del beb\u00e9.<\/p>\n<p>El Dou Dou Osito es f\u00e1cilmente lavable, lo que facilita el mantenimiento y garantiza que pueda resistir el uso constante de abrazos y cari\u00f1o. La elecci\u00f3n de materiales de alta calidad asegura durabilidad y resistencia, convirti\u00e9ndolo en un compa\u00f1ero duradero para las distintas etapas del crecimiento de tu beb\u00e9.<\/p>\n<p>Con el Dou Dou Osito, est\u00e1s proporcionando a tu beb\u00e9 un amigo tierno y vers\u00e1til que formar\u00e1 parte de sus momentos m\u00e1s felices y reconfortantes. Su dise\u00f1o atemporal y encantador lo convierte en un regalo perfecto para celebrar la llegada de un nuevo miembro de la familia.<\/p>\n","protected":false},"excerpt":{"rendered":"<p>El Dou Dou Osito es un adorable compa\u00f1ero para tu beb\u00e9 con un encantador dise\u00f1o de estrellitas en la parte delantera y un estampado a rayas de color rosa o azul en la parte posterior. Su suavidad y dise\u00f1o hacen de este Dou Dou un accesorio tierno y reconfortante. Personalizable con el nombre de tu beb\u00e9 con vinilo textil.<\/p>\n","protected":false},"featured_media":821,"comment_status":"open","ping_status":"closed","template":"","meta":[],"product_cat":[84,52],"product_tag":[26,85,60,27,45,39],"featured_image_urls":{"full":["https:\/\/bdebibe.com\/wp-content\/uploads\/2023\/12\/Photo_1702990763592-scaled.jpg",1920,2560,false],"thumbnail":["https:\/\/bdebibe.com\/wp-content\/uploads\/2023\/12\/Photo_1702990763592-150x150.jpg",150,150,true],"medium":["https:\/\/bdebibe.com\/wp-content\/uploads\/2023\/12\/Photo_1702990763592-225x300.jpg",225,300,true],"medium_large":["https:\/\/bdebibe.com\/wp-content\/uploads\/2023\/12\/Photo_1702990763592-768x1024.jpg",768,1024,true],"large":["https:\/\/bdebibe.com\/wp-content\/uploads\/2023\/12\/Photo_1702990763592-768x1024.jpg",768,1024,true],"1536x1536":["https:\/\/bdebibe.com\/wp-content\/uploads\/2023\/12\/Photo_1702990763592-1152x1536.jpg",1152,1536,true],"2048x2048":["https:\/\/bdebibe.com\/wp-content\/uploads\/2023\/12\/Photo_1702990763592-1536x2048.jpg",1536,2048,true],"woocommerce_archive_thumbnail":["https:\/\/bdebibe.com\/wp-content\/uploads\/2023\/12\/Photo_1702990763592-scaled-500x500.jpg",500,500,true],"woocommerce_thumbnail":["https:\/\/bdebibe.com\/wp-content\/uploads\/2023\/12\/Photo_1702990763592-scaled-300x300.jpg",300,300,true],"woocommerce_single":["https:\/\/bdebibe.com\/wp-content\/uploads\/2023\/12\/Photo_1702990763592-scaled-600x800.jpg",600,800,true],"woocommerce_gallery_thumbnail":["https:\/\/bdebibe.com\/wp-content\/uploads\/2023\/12\/Photo_1702990763592-scaled-100x100.jpg",100,100,true]},"post_excerpt_stackable":"<p>El Dou Dou Osito es un adorable compa\u00f1ero para tu beb\u00e9 con un encantador dise\u00f1o de estrellitas en la parte delantera y un estampado a rayas de color rosa o azul en la parte posterior. Su suavidad y dise\u00f1o hacen de este Dou Dou un accesorio tierno y reconfortante. Personalizable con el nombre de tu beb\u00e9 con vinilo textil.<\/p>\n","category_list":"","author_info":{"name":"","url":""},"comments_num":"0 comentarios","jetpack_sharing_enabled":true,"_links":{"self":[{"href":"https:\/\/bdebibe.com\/index.php\/wp-json\/wp\/v2\/product\/842"}],"collection":[{"href":"https:\/\/bdebibe.com\/index.php\/wp-json\/wp\/v2\/product"}],"about":[{"href":"https:\/\/bdebibe.com\/index.php\/wp-json\/wp\/v2\/types\/product"}],"replies":[{"embeddable":true,"href":"https:\/\/bdebibe.com\/index.php\/wp-json\/wp\/v2\/comments?post=842"}],"wp:featuredmedia":[{"embeddable":true,"href":"https:\/\/bdebibe.com\/index.php\/wp-json\/wp\/v2\/media\/821"}],"wp:attachment":[{"href":"https:\/\/bdebibe.com\/index.php\/wp-json\/wp\/v2\/media?parent=842"}],"wp:term":[{"taxonomy":"product_cat","embeddable":true,"href":"https:\/\/bdebibe.com\/index.php\/wp-json\/wp\/v2\/product_cat?post=842"},{"taxonomy":"product_tag","embeddable":true,"href":"https:\/\/bdebibe.com\/index.php\/wp-json\/wp\/v2\/product_tag?post=842"}],"curies":[{"name":"wp","href":"https:\/\/api.w.org\/{rel}","templated":true}]}}